{"id":14923,"date":"2025-04-22T12:21:16","date_gmt":"2025-04-22T12:21:16","guid":{"rendered":"https:\/\/thatday.eu\/?post_type=product&#038;p=14923"},"modified":"2025-11-25T15:02:12","modified_gmt":"2025-11-25T15:02:12","slug":"periodboxersbundle","status":"publish","type":"product","link":"https:\/\/thatday.eu\/et\/product\/periodboxersbundle\/","title":{"rendered":"Ella perioodilised bokserid + t\u00f5mblukuga kotike Bundle"},"content":{"rendered":"<p>Snag our convenient bundle \u2013 the ultra-absorbent <strong data-start=\"82\" data-end=\"104\">ELLA Period Boxers<\/strong> + sleek <strong data-start=\"113\" data-end=\"129\">Zipper Pouch<\/strong>. ELLA handles it all: periods, bladder leaks, discharge, sweat \u2013 absorbing up to <em data-start=\"211\" data-end=\"226\">6 pads\u2019 worth<\/em>. Stay dry, comfy, and confident\u2014wherever <em data-start=\"268\" data-end=\"278\">that day<\/em> takes you.<\/p>\n<p>Kanna neid, kuni see tundub mugav, siis lihtsalt v\u00f5ta need maha ja pane varup\u00fcksid peale, aga kasutatud p\u00fcksikud t\u00f5mblukuga kotti ja j\u00e4tka maailma rokkimist!<\/p>\n<p>T\u00e4helepanu - peske enne kandmist! See pehmendab kangast ja tagab parema imavuse. Peske k\u00e4sitsi v\u00f5i masinaga kuni 40\u00b0. J\u00e4rgige hooldussildil olevaid juhiseid.<\/p>\n<p>Valmistatud OEKO-TEX\u00ae sertifitseeritud kangastest;<br \/>\nKorpus: 80% pol\u00fcamiid, 20% elastaan.<br \/>\nKangas: 100% pol\u00fcester.<\/p>\n<p>Palun v\u00f5tke arvesse:<\/p>\n<p>- Toote v\u00e4rv v\u00f5ib veidi erineda, mis on tingitud fotograafilistest valgusallikatest v\u00f5i teie monitori seadetest.<\/p>\n<p>- See mudel langeb v\u00e4ikeseks, soovitame valida \u00fche numbri v\u00f5rra suurem. Suurus XS on m\u00f5eldud nii teismelistele kui ka v\u00e4ikestele naistele.<\/p>","protected":false},"excerpt":{"rendered":"<p>Apraksts<\/p>","protected":false},"featured_media":15975,"comment_status":"open","ping_status":"closed","template":"","meta":[],"product_brand":[],"product_cat":[83,46,48,84],"product_tag":[],"giftcard-category":[],"class_list":{"0":"post-14923","1":"product","2":"type-product","3":"status-publish","4":"has-post-thumbnail","6":"product_cat-deal-products","7":"product_cat-heavy-flow","8":"product_cat-other","9":"product_cat-deals","11":"first","12":"instock","13":"sale","14":"taxable","15":"shipping-taxable","16":"purchasable","17":"product-type-easy_product_bundle"},"aioseo_notices":[],"_links":{"self":[{"href":"https:\/\/thatday.eu\/et\/wp-json\/wp\/v2\/product\/14923","targetHints":{"allow":["GET"]}}],"collection":[{"href":"https:\/\/thatday.eu\/et\/wp-json\/wp\/v2\/product"}],"about":[{"href":"https:\/\/thatday.eu\/et\/wp-json\/wp\/v2\/types\/product"}],"replies":[{"embeddable":true,"href":"https:\/\/thatday.eu\/et\/wp-json\/wp\/v2\/comments?post=14923"}],"wp:featuredmedia":[{"embeddable":true,"href":"https:\/\/thatday.eu\/et\/wp-json\/wp\/v2\/media\/15975"}],"wp:attachment":[{"href":"https:\/\/thatday.eu\/et\/wp-json\/wp\/v2\/media?parent=14923"}],"wp:term":[{"taxonomy":"product_brand","embeddable":true,"href":"https:\/\/thatday.eu\/et\/wp-json\/wp\/v2\/product_brand?post=14923"},{"taxonomy":"product_cat","embeddable":true,"href":"https:\/\/thatday.eu\/et\/wp-json\/wp\/v2\/product_cat?post=14923"},{"taxonomy":"product_tag","embeddable":true,"href":"https:\/\/thatday.eu\/et\/wp-json\/wp\/v2\/product_tag?post=14923"},{"taxonomy":"giftcard-category","embeddable":true,"href":"https:\/\/thatday.eu\/et\/wp-json\/wp\/v2\/giftcard-category?post=14923"}],"curies":[{"name":"wp","href":"https:\/\/api.w.org\/{rel}","templated":true}]}}