{"id":15972,"date":"2025-11-03T09:56:08","date_gmt":"2025-11-03T09:56:08","guid":{"rendered":"https:\/\/thatday.eu\/?post_type=product&#038;p=15972"},"modified":"2026-03-19T19:23:38","modified_gmt":"2026-03-19T19:23:38","slug":"period-proof-thong-bundle-deal","status":"publish","type":"product","link":"https:\/\/thatday.eu\/et\/product\/period-proof-thong-bundle-deal\/","title":{"rendered":"Perioodi t\u00f5endavad tangad Bundle diil"},"content":{"rendered":"<p data-start=\"243\" data-end=\"449\">Stay confident every day with our THATDAY period-proof thong bundle. This set includes <strong data-start=\"330\" data-end=\"372\">two essential colors \u2013 black and brown<\/strong>, designed to match any outfit while keeping you protected and comfortable.<\/p>\n<p data-start=\"451\" data-end=\"656\">Each thong absorbs all types of fluids: menstruation, bladder fluids, vaginal discharge, sweat, and other natural fluids. With THATDAY, you\u2019ll feel <strong data-start=\"599\" data-end=\"635\">fresh, worry-free, and confident<\/strong> no matter the day.<\/p>\n<p data-start=\"658\" data-end=\"771\"><strong data-start=\"658\" data-end=\"671\">Features:<\/strong><br data-start=\"671\" data-end=\"674\" \/>\u2022 Breathable<br data-start=\"686\" data-end=\"689\" \/>\u2022 Hypoallergenic<br data-start=\"705\" data-end=\"708\" \/>\u2022 Hygienic<br data-start=\"718\" data-end=\"721\" \/>\u2022 Eco-friendly<br data-start=\"735\" data-end=\"738\" \/>\u2022 Simple and comfortable design<\/p>\n<p>Valmistatud OEKO-TEX\u00ae sertifitseeritud kangastest;<\/p>\n<p>Palun v\u00f5tke arvesse:<\/p>\n<p>- Toote v\u00e4rv v\u00f5ib veidi erineda, mis on tingitud fotograafilistest valgusallikatest v\u00f5i teie monitori seadetest.<\/p>\n<p>- See mudel langeb v\u00e4ikeseks, soovitame valida \u00fche numbri v\u00f5rra suurem. Suurus XS on m\u00f5eldud nii teismelistele kui ka v\u00e4ikestele naistele.<\/p>","protected":false},"excerpt":{"rendered":"<p>Apraksts<\/p>","protected":false},"featured_media":16106,"comment_status":"open","ping_status":"closed","template":"","meta":[],"product_brand":[],"product_cat":[83,67,48,84],"product_tag":[],"giftcard-category":[],"class_list":{"0":"post-15972","1":"product","2":"type-product","3":"status-publish","4":"has-post-thumbnail","6":"product_cat-deal-products","7":"product_cat-light-flow","8":"product_cat-other","9":"product_cat-deals","11":"first","12":"instock","13":"sale","14":"taxable","15":"shipping-taxable","16":"purchasable","17":"product-type-easy_product_bundle"},"aioseo_notices":[],"_links":{"self":[{"href":"https:\/\/thatday.eu\/et\/wp-json\/wp\/v2\/product\/15972","targetHints":{"allow":["GET"]}}],"collection":[{"href":"https:\/\/thatday.eu\/et\/wp-json\/wp\/v2\/product"}],"about":[{"href":"https:\/\/thatday.eu\/et\/wp-json\/wp\/v2\/types\/product"}],"replies":[{"embeddable":true,"href":"https:\/\/thatday.eu\/et\/wp-json\/wp\/v2\/comments?post=15972"}],"wp:featuredmedia":[{"embeddable":true,"href":"https:\/\/thatday.eu\/et\/wp-json\/wp\/v2\/media\/16106"}],"wp:attachment":[{"href":"https:\/\/thatday.eu\/et\/wp-json\/wp\/v2\/media?parent=15972"}],"wp:term":[{"taxonomy":"product_brand","embeddable":true,"href":"https:\/\/thatday.eu\/et\/wp-json\/wp\/v2\/product_brand?post=15972"},{"taxonomy":"product_cat","embeddable":true,"href":"https:\/\/thatday.eu\/et\/wp-json\/wp\/v2\/product_cat?post=15972"},{"taxonomy":"product_tag","embeddable":true,"href":"https:\/\/thatday.eu\/et\/wp-json\/wp\/v2\/product_tag?post=15972"},{"taxonomy":"giftcard-category","embeddable":true,"href":"https:\/\/thatday.eu\/et\/wp-json\/wp\/v2\/giftcard-category?post=15972"}],"curies":[{"name":"wp","href":"https:\/\/api.w.org\/{rel}","templated":true}]}}