{"id":1615,"date":"2022-11-23T17:44:32","date_gmt":"2022-11-23T17:44:32","guid":{"rendered":"https:\/\/thatday.eu\/?post_type=product&#038;p=1615"},"modified":"2026-04-03T13:47:57","modified_gmt":"2026-04-03T13:47:57","slug":"bra-with-wide-shoulder-straps","status":"publish","type":"product","link":"https:\/\/thatday.eu\/et\/product\/bra-with-wide-shoulder-straps\/","title":{"rendered":"Laiade \u00f5lapaeltega rinnahoidja"},"content":{"rendered":"<p class=\"p1\">Et kanda iga p\u00e4ev!<\/p>\n<p class=\"p1\">THATDAY wirefree rinnahoidja on super mugav, pehme, polsterdamata, mix &amp; match disainiga ja s\u00fcgava kaelusega ees ja taga. Seda kandes vaevu tunnete seda.<\/p>\n<p>- kummipaelaga \u00e4\u00e4ristatud;<br \/>\n- laiad \u00f5larihmad;<br \/>\n- sobivad igaks p\u00e4evaks;<br \/>\n- mugav tunne vastu nahka;<br \/>\n- sobib rindadele suurusega 0-6 (AA, A, B, C, D, E, F).<\/p>\n<p class=\"p3\"><div class=\"container theme1\" style=\"width:100%; height:auto\"><ul class=\"responsive-accordion responsive-accordion-default bm-larger\"><li><div class=\"responsive-accordion-head\" style=\"background-color:\"><span style=\"color:;font-size:15px\">Koostis<\/span><i class=\"fa fa-chevron-down responsive-accordion-plus fa-fw\"><\/i><i class=\"fa fa-chevron-up responsive-accordion-minus fa-fw\"><\/i><\/div><div class=\"responsive-accordion-panel\"style=\"background-color:;padding:12px;color:;font-size:14px\"><p>Koostis: 80% pol\u00fcamiid, 20% elastaan.<\/p>\n<\/div><\/li><li><div class=\"responsive-accordion-head\" style=\"background-color:\"><span style=\"color:;font-size:15px\"> Kasutamine ja hooldus <\/span><i class=\"fa fa-chevron-down responsive-accordion-plus fa-fw\"><\/i><i class=\"fa fa-chevron-up responsive-accordion-minus fa-fw\"><\/i><\/div><div class=\"responsive-accordion-panel\"style=\"background-color:;padding:12px;color:;font-size:14px\"><p>Pesta k\u00e4sitsi v\u00f5i masinaga 40\u00b0 juures. J\u00e4rgige hooldussildil olevaid juhiseid.<\/p>\n<p>T\u00e4helepanu - THATDAY rinnahoidjad venivad h\u00e4sti. Alates suurusest \u201cXS\u201d saab lisada suurusi + 2-4 cm. Enne kandmist pesta!<\/p>\n<\/div><\/li><li><div class=\"responsive-accordion-head\" style=\"background-color:\"><span style=\"color:;font-size:15px\">Kohaletoimetamine, tagastamine ja vahetus<\/span><i class=\"fa fa-chevron-down responsive-accordion-plus fa-fw\"><\/i><i class=\"fa fa-chevron-up responsive-accordion-minus fa-fw\"><\/i><\/div><div class=\"responsive-accordion-panel\"style=\"background-color:;padding:12px;color:;font-size:14px\"><p>Me tarnime kogu maailma!<\/p>\n<p>Tellimused t\u00f6\u00f6deldakse ja saadetakse tavaliselt 1-5 t\u00f6\u00f6p\u00e4eva jooksul (esmasp\u00e4evast reedeni). Kui teie pakett on saadetud, saate kinnitava e-kirja oma j\u00e4lgimisandmetega.<\/p>\n<p>Pakume klientidele v\u00f5imalust tagastada ostetud tooted vahetuse, poekrediidi v\u00f5i tagasimakse saamiseks. Me eraldame kaupluse krediiti, tagastame v\u00f5i vahetame tooted 14 p\u00e4eva jooksul p\u00e4rast k\u00e4ttesaamist, tingimusel, et toode on endiselt ideaalses seisukorras, kandmata ja k\u00f5ik sildid on kinnitatud.<\/p>\n<\/div><\/li><li><div class=\"responsive-accordion-head\" style=\"background-color:\"><span style=\"color:;font-size:15px\">Riskivaba 40-p\u00e4evane prooviperiood<\/span><i class=\"fa fa-chevron-down responsive-accordion-plus fa-fw\"><\/i><i class=\"fa fa-chevron-up responsive-accordion-minus fa-fw\"><\/i><\/div><div class=\"responsive-accordion-panel\"style=\"background-color:;padding:12px;color:;font-size:14px\"><p><a href=\"\/et\/40-day-risk-free-trial\/\"><img loading=\"lazy\" decoding=\"async\" class=\"alignnone size-full wp-image-12234\" src=\"https:\/\/thatday.eu\/wp-content\/uploads\/2024\/04\/logo.webp\" alt=\"\" width=\"233\" height=\"236\" srcset=\"https:\/\/thatday.eu\/wp-content\/uploads\/2024\/04\/logo-12x12.webp 12w, https:\/\/thatday.eu\/wp-content\/uploads\/2024\/04\/logo-66x66.webp 66w, https:\/\/thatday.eu\/wp-content\/uploads\/2024\/04\/logo-200x203.webp 200w, https:\/\/thatday.eu\/wp-content\/uploads\/2024\/04\/logo.webp 233w\" sizes=\"auto, (max-width: 233px) 100vw, 233px\" \/><\/a><\/p>\n<p>Uue toote ostmine v\u00f5ib sageli olla murettekitav. Me teame, et THATDAY perioodip\u00fcksid on suurep\u00e4rased ja me oleme nende t\u00f5hususes kindlad, kuid me tahame, et ka teil oleks meelerahu, kui teete oma esimese ostu. Seet\u00f5ttu, kui te mingil p\u00f5hjusel ei ole tootega rahul, v\u00f5ite oma tellimuse tagastada 40 p\u00e4eva jooksul p\u00e4rast selle k\u00e4ttesaamist, et saada t\u00e4ielik raha tagasi (v.a. postikulud). Loe l\u00e4hemalt 40-p\u00e4evase riskivaba prooviperioodi tingimuste kohta, kl\u00f5psates pildil.<\/p>\n<p>* Kohaldatakse 40-p\u00e4evast riskivaba prooviperioodi.\u00a0<strong>ainult kogu summa eest ostetud tootele!<\/strong><br \/>\n** 40-p\u00e4evane prooviperiood ei kehti, kui suurus osutub p\u00e4rast kasutamist liiga v\u00e4ikeseks. Te v\u00f5ite alati taotleda suuruse v\u00f5i mudeli muutmist enne kasutamist 14 p\u00e4eva jooksul p\u00e4rast k\u00e4ttesaamist.<\/p>\n<\/div><\/li><\/ul><\/div><\/p>\n<p>Toote v\u00e4rv v\u00f5ib veidi erineda, mis on tingitud fotograafilistest valgusallikatest v\u00f5i teie monitori seadetest.<\/p>","protected":false},"excerpt":{"rendered":"<p class=\"p1\">Et kanda iga p\u00e4ev!<\/p>\n<p class=\"p1\">THATDAY wirefree rinnahoidja on super mugav, pehme, polsterdamata, mix &amp; match disainiga ja s\u00fcgava kaelusega ees ja taga. Seda kandes vaevu tunnete seda.<\/p>\n<p>&nbsp;<\/p>\n<p class=\"p3\">- kummipaelaga \u00e4\u00e4ristatud;<\/p>\n<p class=\"p3\">- laiad \u00f5larihmad;<\/p>\n<p class=\"p1\">- sobivad igaks p\u00e4evaks;<\/p>\n<p class=\"p3\">- mugav tunne vastu nahka;<\/p>\n<p class=\"p3\">- sobib rindadele suurusega 0-6 (AA, A, B, C, D, E, F).<\/p>\n<p>&nbsp;<\/p>\n<p class=\"p1\">Attention \u2013 THATDAY bras stretches well. Can be added to sizes + 2-4 cm from size &#8220;XS&#8221; onwards. Wash before wearing!<\/p>\n<p>&nbsp;<\/p>\n<p class=\"p3\">Koostis: 80% pol\u00fcamiid, 20% elastaan.<\/p>\n<p>&nbsp;<\/p>\n<p data-mce-fragment=\"1\"><a href=\"https:\/\/thatday.eu\/et\/40-day-risk-free-trial\/\"><img loading=\"lazy\" decoding=\"async\" class=\"alignnone size-thumbnail wp-image-6780\" src=\"https:\/\/thatday.eu\/wp-content\/uploads\/2021\/12\/thatday_logo_png-3-1-150x150.png\" alt=\"\" width=\"150\" height=\"150\" data-mce-fragment=\"1\" \/>\u200b<\/a><\/p>\n<p>Toote v\u00e4rv v\u00f5ib veidi erineda, mis on tingitud fotograafilistest valgusallikatest v\u00f5i teie monitori seadetest.<\/p>","protected":false},"featured_media":1637,"comment_status":"open","ping_status":"closed","template":"","meta":[],"product_brand":[],"product_cat":[83,72,48,84],"product_tag":[],"giftcard-category":[],"class_list":{"0":"post-1615","1":"product","2":"type-product","3":"status-publish","4":"has-post-thumbnail","6":"product_cat-deal-products","7":"product_cat-best-sellers","8":"product_cat-other","9":"product_cat-deals","10":"pa_color-bordo","11":"pa_color-green","12":"pa_color-snowcat","14":"first","15":"instock","16":"sale","17":"taxable","18":"shipping-taxable","19":"purchasable","20":"product-type-variable","21":"has-default-attributes"},"aioseo_notices":[],"_links":{"self":[{"href":"https:\/\/thatday.eu\/et\/wp-json\/wp\/v2\/product\/1615","targetHints":{"allow":["GET"]}}],"collection":[{"href":"https:\/\/thatday.eu\/et\/wp-json\/wp\/v2\/product"}],"about":[{"href":"https:\/\/thatday.eu\/et\/wp-json\/wp\/v2\/types\/product"}],"replies":[{"embeddable":true,"href":"https:\/\/thatday.eu\/et\/wp-json\/wp\/v2\/comments?post=1615"}],"wp:featuredmedia":[{"embeddable":true,"href":"https:\/\/thatday.eu\/et\/wp-json\/wp\/v2\/media\/1637"}],"wp:attachment":[{"href":"https:\/\/thatday.eu\/et\/wp-json\/wp\/v2\/media?parent=1615"}],"wp:term":[{"taxonomy":"product_brand","embeddable":true,"href":"https:\/\/thatday.eu\/et\/wp-json\/wp\/v2\/product_brand?post=1615"},{"taxonomy":"product_cat","embeddable":true,"href":"https:\/\/thatday.eu\/et\/wp-json\/wp\/v2\/product_cat?post=1615"},{"taxonomy":"product_tag","embeddable":true,"href":"https:\/\/thatday.eu\/et\/wp-json\/wp\/v2\/product_tag?post=1615"},{"taxonomy":"giftcard-category","embeddable":true,"href":"https:\/\/thatday.eu\/et\/wp-json\/wp\/v2\/giftcard-category?post=1615"}],"curies":[{"name":"wp","href":"https:\/\/api.w.org\/{rel}","templated":true}]}}