{"id":16151,"date":"2025-11-22T19:27:16","date_gmt":"2025-11-22T19:27:16","guid":{"rendered":"https:\/\/thatday.eu\/?post_type=product&#038;p=16151"},"modified":"2026-02-07T08:44:23","modified_gmt":"2026-02-07T08:44:23","slug":"3-panties-bundle-deal-15-off","status":"publish","type":"product","link":"https:\/\/thatday.eu\/et\/product\/3-panties-bundle-deal-15-off\/","title":{"rendered":"Period Proof Panties Bundle Deal buy 3 -15% OFF"},"content":{"rendered":"<p><b>Limited time offer!<\/b><\/p>\n<h3><b>Your Bundle Includes (pick your favorites):<\/b><\/h3>\n<ul>\n<li><b>1x PERIOD PROOF THONG<\/b><span style=\"font-weight: 400;\"> (light-days or backup protection)<\/span><\/li>\n<li style=\"font-weight: 400;\" aria-level=\"1\"><b>1x KATRINA<\/b><span style=\"font-weight: 400;\"> (absorbent everyday period panties)<\/span><\/li>\n<li style=\"font-weight: 400;\" aria-level=\"1\"><b>1x LOLA<\/b><span style=\"font-weight: 400;\"> (medium to heavy absorbency)<\/span><\/li>\n<\/ul>\n<p><span style=\"font-weight: 400;\">Mix, match colors and sizes, and build your perfect cycle set.\u00a0<\/span><\/p>\n<p><span style=\"font-weight: 400;\">Each pair is designed to absorb all types of fluids: menstrual blood, light bladder leaks, vaginal discharge, sweat, and other natural fluids. With THATDAY, you\u2019ll feel fresh, safe, and confident every single day.<\/span><\/p>\n<p><span style=\"font-weight: 400;\">Features:<\/span><span style=\"font-weight: 400;\"><br \/>\n<\/span><span style=\"font-weight: 400;\"> \u2022 breathable<\/span><span style=\"font-weight: 400;\"><br \/>\n<\/span><span style=\"font-weight: 400;\"> \u2022 hypoallergenic<\/span><span style=\"font-weight: 400;\"><br \/>\n<\/span><span style=\"font-weight: 400;\"> \u2022 hygienic<\/span><span style=\"font-weight: 400;\"><br \/>\n<\/span><span style=\"font-weight: 400;\"> \u2022 eco-friendly<\/span><span style=\"font-weight: 400;\"><br \/>\n<\/span><span style=\"font-weight: 400;\"> \u2022 simple, functional, and comfortable design<\/span><\/p>\n<p><span style=\"font-weight: 400;\">Valmistatud OEKO-TEX\u00ae sertifitseeritud kangastest.<\/span><\/p>\n<p>Palun v\u00f5tke arvesse:<\/p>\n<p>- Toote v\u00e4rv v\u00f5ib veidi erineda, mis on tingitud fotograafilistest valgusallikatest v\u00f5i teie monitori seadetest.<\/p>\n<p>- See mudel langeb v\u00e4ikeseks, soovitame valida \u00fche numbri v\u00f5rra suurem. Suurus XS on m\u00f5eldud nii teismelistele kui ka v\u00e4ikestele naistele.<\/p>","protected":false},"excerpt":{"rendered":"<p>Apraksts<\/p>","protected":false},"featured_media":16153,"comment_status":"open","ping_status":"closed","template":"","meta":[],"product_brand":[],"product_cat":[83,48,84],"product_tag":[],"giftcard-category":[],"class_list":{"0":"post-16151","1":"product","2":"type-product","3":"status-publish","4":"has-post-thumbnail","6":"product_cat-deal-products","7":"product_cat-other","8":"product_cat-deals","10":"first","11":"instock","12":"taxable","13":"shipping-taxable","14":"purchasable","15":"product-type-easy_product_bundle"},"aioseo_notices":[],"_links":{"self":[{"href":"https:\/\/thatday.eu\/et\/wp-json\/wp\/v2\/product\/16151","targetHints":{"allow":["GET"]}}],"collection":[{"href":"https:\/\/thatday.eu\/et\/wp-json\/wp\/v2\/product"}],"about":[{"href":"https:\/\/thatday.eu\/et\/wp-json\/wp\/v2\/types\/product"}],"replies":[{"embeddable":true,"href":"https:\/\/thatday.eu\/et\/wp-json\/wp\/v2\/comments?post=16151"}],"wp:featuredmedia":[{"embeddable":true,"href":"https:\/\/thatday.eu\/et\/wp-json\/wp\/v2\/media\/16153"}],"wp:attachment":[{"href":"https:\/\/thatday.eu\/et\/wp-json\/wp\/v2\/media?parent=16151"}],"wp:term":[{"taxonomy":"product_brand","embeddable":true,"href":"https:\/\/thatday.eu\/et\/wp-json\/wp\/v2\/product_brand?post=16151"},{"taxonomy":"product_cat","embeddable":true,"href":"https:\/\/thatday.eu\/et\/wp-json\/wp\/v2\/product_cat?post=16151"},{"taxonomy":"product_tag","embeddable":true,"href":"https:\/\/thatday.eu\/et\/wp-json\/wp\/v2\/product_tag?post=16151"},{"taxonomy":"giftcard-category","embeddable":true,"href":"https:\/\/thatday.eu\/et\/wp-json\/wp\/v2\/giftcard-category?post=16151"}],"curies":[{"name":"wp","href":"https:\/\/api.w.org\/{rel}","templated":true}]}}