{"id":1762,"date":"2022-11-23T17:30:28","date_gmt":"2022-11-23T17:30:28","guid":{"rendered":"https:\/\/thatday.eu\/?post_type=product&#038;p=1762"},"modified":"2026-04-06T19:36:13","modified_gmt":"2026-04-06T19:36:13","slug":"zipper-pouch","status":"publish","type":"product","link":"https:\/\/thatday.eu\/et\/product\/zipper-pouch\/","title":{"rendered":"T\u00f5mblukuga kott"},"content":{"rendered":"<p class=\"p1\">Vahetage oma THATDAY perioodikindlaid alusp\u00fckse, kus iganes te olete!<\/p>\n<p class=\"p1\">Veekindel kott - ideaalne THATDAY asendusriiete kandmiseks ja kasutatud riiete hoidmiseks, kuni saate neid pesta.<\/p>\n<p class=\"p4\">- ringikujuline kujundus;<\/p>\n<p class=\"p4\">- varupaari perioodikakindlate THATDAY alusp\u00fckste hoidmiseks;<\/p>\n<p class=\"p4\">- t\u00f5mblukk turvalisuse tagamiseks ja pingutuspael mugavuse tagamiseks.<\/p>\n<p class=\"p4\"><div class=\"container theme1\" style=\"width:100%; height:auto\"><ul class=\"responsive-accordion responsive-accordion-default bm-larger\"><li><div class=\"responsive-accordion-head\" style=\"background-color:\"><span style=\"color:;font-size:15px\">M\u00f5\u00f5tmed<\/span><i class=\"fa fa-chevron-down responsive-accordion-plus fa-fw\"><\/i><i class=\"fa fa-chevron-up responsive-accordion-minus fa-fw\"><\/i><\/div><div class=\"responsive-accordion-panel\"style=\"background-color:;padding:12px;color:;font-size:14px\"><p>L\u00e4bim\u00f5\u00f5t 13,5x5cm<\/p>\n<\/div><\/li><li><div class=\"responsive-accordion-head\" style=\"background-color:\"><span style=\"color:;font-size:15px\">Koostis<\/span><i class=\"fa fa-chevron-down responsive-accordion-plus fa-fw\"><\/i><i class=\"fa fa-chevron-up responsive-accordion-minus fa-fw\"><\/i><\/div><div class=\"responsive-accordion-panel\"style=\"background-color:;padding:12px;color:;font-size:14px\"><p>100% Nailon<\/p>\n<\/div><\/li><\/ul><\/div><\/p>\n<p>Toote v\u00e4rv v\u00f5ib veidi erineda, mis on tingitud fotograafilistest valgusallikatest v\u00f5i teie monitori seadetest.<\/p>","protected":false},"excerpt":{"rendered":"<p class=\"p1\">Vahetage oma THATDAY perioodikindlaid alusp\u00fckse, kus iganes te olete!<\/p>\n<p class=\"p1\">Veekindel kott - ideaalne THATDAY asendusriiete kandmiseks ja kasutatud riiete hoidmiseks, kuni saate neid pesta.<\/p>\n<p>&nbsp;<\/p>\n<p class=\"p4\">- ringikujuline kujundus;<\/p>\n<p class=\"p4\">- varupaari perioodikakindlate THATDAY alusp\u00fckste hoidmiseks;<\/p>\n<p class=\"p4\">- t\u00f5mblukk turvalisuse tagamiseks ja pingutuspael mugavuse tagamiseks.<\/p>\n<p>&nbsp;<\/p>\n<p class=\"p5\">M\u00f5\u00f5tmed: L\u00e4bim\u00f5\u00f5t 13,5cm<\/p>\n<p class=\"p1\">Koostis: 100% nailon.<\/p>\n<p>&nbsp;<\/p>","protected":false},"featured_media":11598,"comment_status":"open","ping_status":"closed","template":"","meta":[],"product_brand":[],"product_cat":[83,48],"product_tag":[],"giftcard-category":[],"class_list":{"0":"post-1762","1":"product","2":"type-product","3":"status-publish","4":"has-post-thumbnail","6":"product_cat-deal-products","7":"product_cat-other","8":"pa_color-black","10":"first","11":"instock","12":"taxable","13":"shipping-taxable","14":"purchasable","15":"product-type-variable","16":"has-default-attributes"},"aioseo_notices":[],"_links":{"self":[{"href":"https:\/\/thatday.eu\/et\/wp-json\/wp\/v2\/product\/1762","targetHints":{"allow":["GET"]}}],"collection":[{"href":"https:\/\/thatday.eu\/et\/wp-json\/wp\/v2\/product"}],"about":[{"href":"https:\/\/thatday.eu\/et\/wp-json\/wp\/v2\/types\/product"}],"replies":[{"embeddable":true,"href":"https:\/\/thatday.eu\/et\/wp-json\/wp\/v2\/comments?post=1762"}],"wp:featuredmedia":[{"embeddable":true,"href":"https:\/\/thatday.eu\/et\/wp-json\/wp\/v2\/media\/11598"}],"wp:attachment":[{"href":"https:\/\/thatday.eu\/et\/wp-json\/wp\/v2\/media?parent=1762"}],"wp:term":[{"taxonomy":"product_brand","embeddable":true,"href":"https:\/\/thatday.eu\/et\/wp-json\/wp\/v2\/product_brand?post=1762"},{"taxonomy":"product_cat","embeddable":true,"href":"https:\/\/thatday.eu\/et\/wp-json\/wp\/v2\/product_cat?post=1762"},{"taxonomy":"product_tag","embeddable":true,"href":"https:\/\/thatday.eu\/et\/wp-json\/wp\/v2\/product_tag?post=1762"},{"taxonomy":"giftcard-category","embeddable":true,"href":"https:\/\/thatday.eu\/et\/wp-json\/wp\/v2\/giftcard-category?post=1762"}],"curies":[{"name":"wp","href":"https:\/\/api.w.org\/{rel}","templated":true}]}}