{"id":5000,"date":"2023-07-05T18:45:08","date_gmt":"2023-07-05T18:45:08","guid":{"rendered":"https:\/\/thatday.eu\/?post_type=product&#038;p=5000"},"modified":"2026-04-07T21:04:00","modified_gmt":"2026-04-07T21:04:00","slug":"thong-period-panties","status":"publish","type":"product","link":"https:\/\/thatday.eu\/et\/product\/thong-period-panties\/","title":{"rendered":"Perioodi t\u00f5endavad stringid"},"content":{"rendered":"<p class=\"p1\">THATDAY perioodikindlad stringid imavad endasse k\u00f5ik vedelikud: menstruatsioon, p\u00f5ievedelik, tupevool, higi ja muud looduslikud vedelikud. THATDAYga tunnete end muretult ja mugavalt.<\/p>\n<p>- hingav;<br \/>\n- h\u00fcpoallergeenne;<br \/>\n- h\u00fcgieeniline;<br \/>\n- keskkonnas\u00f5bralik;<br \/>\n- lihtne ja mugav disain.<\/p>\n<p class=\"p1\"><div class=\"container theme1\" style=\"width:100%; height:auto\"><ul class=\"responsive-accordion responsive-accordion-default bm-larger\"><li><div class=\"responsive-accordion-head\" style=\"background-color:\"><span style=\"color:;font-size:15px\">Imavus<\/span><i class=\"fa fa-chevron-down responsive-accordion-plus fa-fw\"><\/i><i class=\"fa fa-chevron-up responsive-accordion-minus fa-fw\"><\/i><\/div><div class=\"responsive-accordion-panel\"style=\"background-color:;padding:12px;color:;font-size:14px\"><p>Nende alusp\u00fckste imavuse tase on \u201ckerge\u201d - see t\u00e4hendab, et sisseehitatud kaitse v\u00f5ib imada kuni 1 tampooni\/padjakese v\u00e4\u00e4rtuses.<\/p>\n<\/div><\/li><li><div class=\"responsive-accordion-head\" style=\"background-color:\"><span style=\"color:;font-size:15px\">Kasutamine ja hooldus<\/span><i class=\"fa fa-chevron-down responsive-accordion-plus fa-fw\"><\/i><i class=\"fa fa-chevron-up responsive-accordion-minus fa-fw\"><\/i><\/div><div class=\"responsive-accordion-panel\"style=\"background-color:;padding:12px;color:;font-size:14px\"><p>Kanna neid, kuni see tundub mugav, siis lihtsalt v\u00f5ta need maha ja pane varup\u00fcksid peale, aga kasutatud p\u00fcksikud t\u00f5mblukuga kotti ja j\u00e4tka maailma rokkimist! V\u00f5imalusel loputa kasutatud alusp\u00fcksid, pese ja kanna neid uuesti.<\/p>\n<p class=\"translation-block\">T\u00e4helepanu - peske enne <span class=\"s1\">kandmist! See pehmendab kangast ja tagab parema imavuse. Peske k\u00e4sitsi v\u00f5i masinaga 40\u00b0 juures. J\u00e4rgige hooldussildil olevaid juhiseid.<\/span><\/p>\n<p>&nbsp;<\/p>\n<\/div><\/li><li><div class=\"responsive-accordion-head\" style=\"background-color:\"><span style=\"color:;font-size:15px\">Mudeli parameetrid ja koostis<\/span><i class=\"fa fa-chevron-down responsive-accordion-plus fa-fw\"><\/i><i class=\"fa fa-chevron-up responsive-accordion-minus fa-fw\"><\/i><\/div><div class=\"responsive-accordion-panel\"style=\"background-color:;padding:12px;color:;font-size:14px\"><p>Musta v\u00e4rvi - suurus <strong>S<\/strong><br \/>\nMusta v\u00e4rvi - suurus <strong>XL<\/strong><br \/>\nPruun v\u00e4rv - suurus <strong>S<\/strong><\/p>\n<p>Valmistatud OEKO-TEX\u00ae sertifitseeritud kangastest;<br \/>\nKorpus: 85% pol\u00fcamiid, 15% elastaan.<br \/>\nKangas: 100% puuvillane<strong><br \/>\n<\/strong><\/p>\n<\/div><\/li><li><div class=\"responsive-accordion-head\" style=\"background-color:\"><span style=\"color:;font-size:15px\">Riskivaba 40-p\u00e4evane prooviperiood<\/span><i class=\"fa fa-chevron-down responsive-accordion-plus fa-fw\"><\/i><i class=\"fa fa-chevron-up responsive-accordion-minus fa-fw\"><\/i><\/div><div class=\"responsive-accordion-panel\"style=\"background-color:;padding:12px;color:;font-size:14px\"><p><a href=\"\/et\/40-day-risk-free-trial\/\"><img loading=\"lazy\" decoding=\"async\" class=\"alignnone size-full wp-image-12234\" src=\"https:\/\/thatday.eu\/wp-content\/uploads\/2024\/04\/logo.webp\" alt=\"\" width=\"233\" height=\"236\" srcset=\"https:\/\/thatday.eu\/wp-content\/uploads\/2024\/04\/logo-12x12.webp 12w, https:\/\/thatday.eu\/wp-content\/uploads\/2024\/04\/logo-66x66.webp 66w, https:\/\/thatday.eu\/wp-content\/uploads\/2024\/04\/logo-200x203.webp 200w, https:\/\/thatday.eu\/wp-content\/uploads\/2024\/04\/logo.webp 233w\" sizes=\"auto, (max-width: 233px) 100vw, 233px\" \/><\/a><\/p>\n<p>Uue toote ostmine v\u00f5ib sageli olla murettekitav. Me teame, et THATDAY perioodip\u00fcksid on suurep\u00e4rased ja me oleme nende t\u00f5hususes kindlad, kuid me tahame, et ka teil oleks meelerahu, kui teete oma esimese ostu. Seet\u00f5ttu, kui te mingil p\u00f5hjusel ei ole tootega rahul, v\u00f5ite oma tellimuse tagastada 40 p\u00e4eva jooksul p\u00e4rast selle k\u00e4ttesaamist, et saada t\u00e4ielik raha tagasi (v.a. postikulud). Loe l\u00e4hemalt 40-p\u00e4evase riskivaba prooviperioodi tingimuste kohta, kl\u00f5psates pildil.<\/p>\n<p>* Kohaldatakse 40-p\u00e4evast riskivaba prooviperioodi.\u00a0<strong>ainult kogu summa eest ostetud tootele!<\/strong><br \/>\n** 40-p\u00e4evane prooviperiood ei kehti, kui suurus osutub p\u00e4rast kasutamist liiga v\u00e4ikeseks. Te v\u00f5ite alati taotleda suuruse v\u00f5i mudeli muutmist enne kasutamist 14 p\u00e4eva jooksul p\u00e4rast k\u00e4ttesaamist.<\/p>\n<\/div><\/li><li><div class=\"responsive-accordion-head\" style=\"background-color:\"><span style=\"color:;font-size:15px\">Kohaletoimetamine, tagastamine ja vahetus<\/span><i class=\"fa fa-chevron-down responsive-accordion-plus fa-fw\"><\/i><i class=\"fa fa-chevron-up responsive-accordion-minus fa-fw\"><\/i><\/div><div class=\"responsive-accordion-panel\"style=\"background-color:;padding:12px;color:;font-size:14px\"><p>Me tarnime kogu maailma!<\/p>\n<p>Tellimused t\u00f6\u00f6deldakse ja saadetakse tavaliselt 1-5 t\u00f6\u00f6p\u00e4eva jooksul (esmasp\u00e4evast reedeni). Kui teie pakett on saadetud, saate kinnitava e-kirja oma j\u00e4lgimisandmetega.<\/p>\n<p>Pakume klientidele v\u00f5imalust tagastada ostetud tooted vahetuse, poekrediidi v\u00f5i tagasimakse saamiseks. Me eraldame kaupluse krediiti, tagastame v\u00f5i vahetame tooted 14 p\u00e4eva jooksul p\u00e4rast k\u00e4ttesaamist, tingimusel, et toode on endiselt ideaalses seisukorras, kandmata ja k\u00f5ik sildid on kinnitatud.<\/p>\n<\/div><\/li><\/ul><\/div><\/p>\n<p>Palun v\u00f5tke arvesse:<\/p>\n<p>- Toote v\u00e4rv v\u00f5ib veidi erineda, mis on tingitud fotograafilistest valgusallikatest v\u00f5i teie monitori seadetest.<\/p>\n<p>- See mudel langeb v\u00e4ikeseks, soovitame valida \u00fche numbri v\u00f5rra suurem.<\/p>","protected":false},"excerpt":{"rendered":"<p>THATDAY period proof thong absorbs all types of fluids: menstruation,<\/p>","protected":false},"featured_media":16560,"comment_status":"open","ping_status":"closed","template":"","meta":[],"product_brand":[],"product_cat":[83,72,67],"product_tag":[],"giftcard-category":[],"class_list":{"0":"post-5000","1":"product","2":"type-product","3":"status-publish","4":"has-post-thumbnail","6":"product_cat-deal-products","7":"product_cat-best-sellers","8":"product_cat-light-flow","9":"pa_color-black","10":"pa_color-brown","12":"first","13":"instock","14":"taxable","15":"shipping-taxable","16":"purchasable","17":"product-type-variable","18":"has-default-attributes"},"aioseo_notices":[],"_links":{"self":[{"href":"https:\/\/thatday.eu\/et\/wp-json\/wp\/v2\/product\/5000","targetHints":{"allow":["GET"]}}],"collection":[{"href":"https:\/\/thatday.eu\/et\/wp-json\/wp\/v2\/product"}],"about":[{"href":"https:\/\/thatday.eu\/et\/wp-json\/wp\/v2\/types\/product"}],"replies":[{"embeddable":true,"href":"https:\/\/thatday.eu\/et\/wp-json\/wp\/v2\/comments?post=5000"}],"wp:featuredmedia":[{"embeddable":true,"href":"https:\/\/thatday.eu\/et\/wp-json\/wp\/v2\/media\/16560"}],"wp:attachment":[{"href":"https:\/\/thatday.eu\/et\/wp-json\/wp\/v2\/media?parent=5000"}],"wp:term":[{"taxonomy":"product_brand","embeddable":true,"href":"https:\/\/thatday.eu\/et\/wp-json\/wp\/v2\/product_brand?post=5000"},{"taxonomy":"product_cat","embeddable":true,"href":"https:\/\/thatday.eu\/et\/wp-json\/wp\/v2\/product_cat?post=5000"},{"taxonomy":"product_tag","embeddable":true,"href":"https:\/\/thatday.eu\/et\/wp-json\/wp\/v2\/product_tag?post=5000"},{"taxonomy":"giftcard-category","embeddable":true,"href":"https:\/\/thatday.eu\/et\/wp-json\/wp\/v2\/giftcard-category?post=5000"}],"curies":[{"name":"wp","href":"https:\/\/api.w.org\/{rel}","templated":true}]}}