{"id":1442,"date":"2022-11-21T17:34:48","date_gmt":"2022-11-21T17:34:48","guid":{"rendered":"https:\/\/thatday.eu\/?page_id=1442"},"modified":"2026-04-15T11:18:05","modified_gmt":"2026-04-15T11:18:05","slug":"40-day-risk-free-trial","status":"publish","type":"page","link":"https:\/\/thatday.eu\/lv\/40-day-risk-free-trial\/","title":{"rendered":"40 Day Free Trial"},"content":{"rendered":"<div class=\"fusion-fullwidth fullwidth-box fusion-builder-row-1 fusion-flex-container has-pattern-background has-mask-background simplePageContent nonhundred-percent-fullwidth non-hundred-percent-height-scrolling\" style=\"--awb-border-radius-top-left:0px;--awb-border-radius-top-right:0px;--awb-border-radius-bottom-right:0px;--awb-border-radius-bottom-left:0px;--awb-padding-top:30px;--awb-padding-right:30px;--awb-padding-bottom:30px;--awb-padding-left:80px;--awb-padding-right-small:20px;--awb-padding-left-small:20px;--awb-background-color:#ffffff;--awb-flex-wrap:wrap;\" ><div class=\"fusion-builder-row fusion-row fusion-flex-align-items-flex-start fusion-flex-content-wrap\" style=\"max-width:1476.8px;margin-left: calc(-4% \/ 2 );margin-right: calc(-4% \/ 2 );\"><div class=\"fusion-layout-column fusion_builder_column fusion-builder-column-0 fusion_builder_column_1_1 1_1 fusion-flex-column fusion-animated\" style=\"--awb-padding-right:90px;--awb-padding-right-small:0px;--awb-bg-size:cover;--awb-width-large:100%;--awb-margin-top-large:0px;--awb-spacing-right-large:1.92%;--awb-margin-bottom-large:20px;--awb-spacing-left-large:1.92%;--awb-width-medium:100%;--awb-order-medium:0;--awb-spacing-right-medium:1.92%;--awb-spacing-left-medium:1.92%;--awb-width-small:100%;--awb-order-small:0;--awb-spacing-right-small:1.92%;--awb-spacing-left-small:1.92%;\" data-animationtype=\"fadeInUp\" data-animationduration=\"1.0\" data-animationoffset=\"top-into-view\"><div class=\"fusion-column-wrapper fusion-column-has-shadow fusion-flex-justify-content-center fusion-content-layout-row\"><div class=\"fusion-title title fusion-title-1 fusion-sep-none fusion-title-center fusion-title-text fusion-title-size-two\" style=\"--awb-text-color:#68405a;--awb-font-size:45px;\"><h2 class=\"fusion-title-heading title-heading-center\" style=\"font-family:&quot;Yeseva One&quot;;font-style:normal;font-weight:400;margin:0;letter-spacing:var(--awb-typography1-letter-spacing);text-transform:var(--awb-typography1-text-transform);font-size:1em;line-height:50px;\">40 dienu izm\u0113\u0123in\u0101jums<\/h2><\/div><div class=\"fusion-text fusion-text-1\" style=\"--awb-content-alignment:center;--awb-font-size:20px;--awb-line-height:25px;--awb-text-color:#68405a;--awb-text-font-family:&quot;futura&quot;;--awb-text-font-style:normal;--awb-text-font-weight:400;\"><p>Ieg\u0101d\u0101ties jaunu produktu m\u0113dz b\u016bt satrauco\u0161i. M\u0113s zin\u0101m, ka THATDAY m\u0113ne\u0161rei\u017eu biks\u012btes ir lieliskas, un esam p\u0101rliecin\u0101ti par to efektivit\u0101ti, ta\u010du v\u0113lamies, lai ar\u012b jums ir mier\u012bgs pr\u0101ts, veicot savu pirmo pirkumu. Ja k\u0101da iemesla d\u0113\u013c neesat apmierin\u0101ts ar biks\u012b\u0161u funkcionalit\u0101ti, j\u016bs varat t\u0101s atgriezt 40 dienu laik\u0101 p\u0113c pas\u016bt\u012bjuma sa\u0146em\u0161anas, un m\u0113s piln\u0101 apm\u0113r\u0101 atgriez\u012bsim j\u016bsu izmaksas* (atskaitot pieg\u0101des izmaksas). Viss, kas jums j\u0101dara, ir j\u0101nor\u0101da iemesls k\u0101d\u0113\u013c THATDAY biks\u012btes j\u016bs nep\u0101rliecin\u0101ja, t\u0101d\u0113j\u0101di sniedzot atgriezenisko saiti un pal\u012bdzot mums att\u012bst\u012bties arvien vair\u0101k.<\/p>\n<\/div><\/div><\/div><div class=\"fusion-layout-column fusion_builder_column fusion-builder-column-1 fusion_builder_column_1_1 1_1 fusion-flex-column fusion-animated\" style=\"--awb-padding-right:90px;--awb-padding-right-small:0px;--awb-bg-size:cover;--awb-width-large:100%;--awb-margin-top-large:0px;--awb-spacing-right-large:1.92%;--awb-margin-bottom-large:20px;--awb-spacing-left-large:1.92%;--awb-width-medium:100%;--awb-order-medium:0;--awb-spacing-right-medium:1.92%;--awb-spacing-left-medium:1.92%;--awb-width-small:100%;--awb-order-small:0;--awb-spacing-right-small:1.92%;--awb-spacing-left-small:1.92%;\" data-animationtype=\"fadeInUp\" data-animationduration=\"1.0\" data-animationoffset=\"top-into-view\"><div class=\"fusion-column-wrapper fusion-column-has-shadow fusion-flex-justify-content-flex-start fusion-content-layout-column\"><div class=\"fusion-title title fusion-title-2 fusion-sep-none fusion-title-text fusion-title-size-two\" style=\"--awb-text-color:#68405a;--awb-font-size:30px;\"><h2 class=\"fusion-title-heading title-heading-left sm-text-align-center\" style=\"font-family:&quot;sunflora&quot;;margin:0;letter-spacing:var(--awb-typography1-letter-spacing);text-transform:var(--awb-typography1-text-transform);font-size:1em;line-height:34px;\">Kas var izmantot 40 dienu izm\u0113\u0123in\u0101jumu?<\/h2><\/div><div class=\"fusion-text fusion-text-2 sm-text-align-center\" style=\"--awb-font-size:20px;--awb-line-height:25px;--awb-text-color:#68405a;--awb-text-font-family:&quot;futura&quot;;--awb-text-font-style:normal;--awb-text-font-weight:400;\"><p class=\"translation-block\">Tikai k\u0101 THATDAY jaunais klients j\u016bs varat izm\u0113\u0123in\u0101t menstru\u0101l\u0101s biks\u012btes un 40 dienu laik\u0101 p\u0113c pas\u016bt\u012bjuma sa\u0146em\u0161anas t\u0101s atgriezt, lai sa\u0146emtu pilnu naudas atmaksu (iz\u0146emot pieg\u0101des izmaksas)<span class=\"selectable-text copyable-text\"> 40 dienu izm\u0113\u0123in\u0101jums netiek piem\u0113rots, ja izm\u0113rs p\u0113c lieto\u0161anas izr\u0101d\u0101s par mazu. Pirms lieto\u0161anas vienm\u0113r varat piepras\u012bt izm\u0113ra vai mode\u013ca mai\u0146u 14\u00a0dienu laik\u0101 p\u0113c pas\u016bt\u012bjuma sa\u0146em\u0161anas.<\/span><\/p>\n<\/div><\/div><\/div><div class=\"fusion-layout-column fusion_builder_column fusion-builder-column-2 fusion_builder_column_1_1 1_1 fusion-flex-column fusion-animated\" style=\"--awb-padding-right:90px;--awb-padding-right-small:0px;--awb-bg-size:cover;--awb-width-large:100%;--awb-margin-top-large:0px;--awb-spacing-right-large:1.92%;--awb-margin-bottom-large:20px;--awb-spacing-left-large:1.92%;--awb-width-medium:100%;--awb-order-medium:0;--awb-spacing-right-medium:1.92%;--awb-spacing-left-medium:1.92%;--awb-width-small:100%;--awb-order-small:0;--awb-spacing-right-small:1.92%;--awb-spacing-left-small:1.92%;\" data-animationtype=\"fadeInUp\" data-animationduration=\"1.0\" data-animationoffset=\"top-into-view\"><div class=\"fusion-column-wrapper fusion-column-has-shadow fusion-flex-justify-content-flex-start fusion-content-layout-column\"><div class=\"fusion-title title fusion-title-3 fusion-sep-none fusion-title-text fusion-title-size-two\" style=\"--awb-text-color:#68405a;--awb-font-size:30px;\"><h2 class=\"fusion-title-heading title-heading-left sm-text-align-center\" style=\"font-family:&quot;sunflora&quot;;margin:0;letter-spacing:var(--awb-typography1-letter-spacing);text-transform:var(--awb-typography1-text-transform);font-size:1em;line-height:34px;\">Uz cik biks\u012bt\u0113m tas attiecas?<\/h2><\/div><div class=\"fusion-text fusion-text-3 sm-text-align-center\" style=\"--awb-font-size:20px;--awb-line-height:25px;--awb-text-color:#68405a;--awb-text-font-family:&quot;futura&quot;;--awb-text-font-style:normal;--awb-text-font-weight:400;\"><p>40 dienu izm\u0113\u0123in\u0101jums attiecas tikai uz vien\u0101m valk\u0101t\u0101m biks\u012bt\u0113m.<\/p>\n<\/div><\/div><\/div><div class=\"fusion-layout-column fusion_builder_column fusion-builder-column-3 fusion_builder_column_1_1 1_1 fusion-flex-column fusion-animated\" style=\"--awb-padding-right:90px;--awb-padding-right-small:0px;--awb-bg-size:cover;--awb-width-large:100%;--awb-margin-top-large:0px;--awb-spacing-right-large:1.92%;--awb-margin-bottom-large:20px;--awb-spacing-left-large:1.92%;--awb-width-medium:100%;--awb-order-medium:0;--awb-spacing-right-medium:1.92%;--awb-spacing-left-medium:1.92%;--awb-width-small:100%;--awb-order-small:0;--awb-spacing-right-small:1.92%;--awb-spacing-left-small:1.92%;\" data-animationtype=\"fadeInUp\" data-animationduration=\"1.0\" data-animationoffset=\"top-into-view\"><div class=\"fusion-column-wrapper fusion-column-has-shadow fusion-flex-justify-content-flex-start fusion-content-layout-column\"><div class=\"fusion-title title fusion-title-4 fusion-sep-none fusion-title-text fusion-title-size-two\" style=\"--awb-text-color:#68405a;--awb-font-size:30px;\"><h2 class=\"fusion-title-heading title-heading-left sm-text-align-center\" style=\"font-family:&quot;sunflora&quot;;margin:0;letter-spacing:var(--awb-typography1-letter-spacing);text-transform:var(--awb-typography1-text-transform);font-size:1em;line-height:34px;\">Vai tas noz\u012bm\u0113, ka pirmaj\u0101 pas\u016bt\u012bjum\u0101 var ieg\u0101d\u0101ties tikai vienas biks\u012btes?<\/h2><\/div><div class=\"fusion-text fusion-text-4 sm-text-align-center\" style=\"--awb-font-size:20px;--awb-line-height:25px;--awb-text-color:#68405a;--awb-text-font-family:&quot;futura&quot;;--awb-text-font-style:normal;--awb-text-font-weight:400;\"><p>Pirmaj\u0101 pas\u016bt\u012bjum\u0101 varat ieg\u0101d\u0101ties vair\u0101k nek\u0101 vienu biks\u012b\u0161u p\u0101ri, un, ja neesat apmierin\u0101ts ar vienu izm\u0113\u0123in\u0101to produktu, lai sa\u0146emtu atmaksu, jums j\u0101atgrie\u017e visi p\u0101r\u0113jie nen\u0113s\u0101tie un ac\u012bmredzami nelietotie ap\u0123\u0113rba gabali to ori\u0123in\u0101laj\u0101 iepakojum\u0101 ar neskartu higi\u0113nas uzl\u012bmi.<\/p>\n<\/div><\/div><\/div><div class=\"fusion-layout-column fusion_builder_column fusion-builder-column-4 fusion_builder_column_1_1 1_1 fusion-flex-column fusion-animated\" style=\"--awb-padding-right:90px;--awb-padding-right-small:0px;--awb-bg-size:cover;--awb-width-large:100%;--awb-margin-top-large:0px;--awb-spacing-right-large:1.92%;--awb-margin-bottom-large:20px;--awb-spacing-left-large:1.92%;--awb-width-medium:100%;--awb-order-medium:0;--awb-spacing-right-medium:1.92%;--awb-spacing-left-medium:1.92%;--awb-width-small:100%;--awb-order-small:0;--awb-spacing-right-small:1.92%;--awb-spacing-left-small:1.92%;\" data-animationtype=\"fadeInUp\" data-animationduration=\"1.0\" data-animationoffset=\"top-into-view\"><div class=\"fusion-column-wrapper fusion-column-has-shadow fusion-flex-justify-content-flex-start fusion-content-layout-column\"><div class=\"fusion-title title fusion-title-5 fusion-sep-none fusion-title-text fusion-title-size-two\" style=\"--awb-text-color:#68405a;--awb-font-size:30px;\"><h2 class=\"fusion-title-heading title-heading-left sm-text-align-center\" style=\"font-family:&quot;sunflora&quot;;margin:0;letter-spacing:var(--awb-typography1-letter-spacing);text-transform:var(--awb-typography1-text-transform);font-size:1em;line-height:34px;\">Kas ir j\u0101dara, lai pieteiktu preces atgrie\u0161anu un l\u012bdzek\u013cu atmaksu?<\/h2><\/div><div class=\"fusion-text fusion-text-5 sm-text-align-center\" style=\"--awb-font-size:20px;--awb-line-height:25px;--awb-text-color:#68405a;--awb-text-font-family:&quot;futura&quot;;--awb-text-font-style:normal;--awb-text-font-weight:400;\"><p class=\"translation-block\">L\u016bdzu, s\u016btiet e-pasta zi\u0146ojumu hello@thatday.eu, nor\u0101dot pas\u016bt\u012bjuma numuru un preces atgrie\u0161anas iemeslu, izmantojot t\u0113mas rindi\u0146u RISK-FREE TRIAL <b>vai<\/b> aizpildiet veidlapu sav\u0101 Klienta profil\u0101. M\u0113s ar jums sazin\u0101simies un inform\u0113sim par t\u0101l\u0101k nor\u0101d\u012btaj\u0101m darb\u012bb\u0101m.<\/p>\n<\/div><\/div><\/div><div class=\"fusion-layout-column fusion_builder_column fusion-builder-column-5 fusion_builder_column_1_1 1_1 fusion-flex-column fusion-animated\" style=\"--awb-padding-right:90px;--awb-padding-right-small:0px;--awb-bg-size:cover;--awb-width-large:100%;--awb-margin-top-large:0px;--awb-spacing-right-large:1.92%;--awb-margin-bottom-large:20px;--awb-spacing-left-large:1.92%;--awb-width-medium:100%;--awb-order-medium:0;--awb-spacing-right-medium:1.92%;--awb-spacing-left-medium:1.92%;--awb-width-small:100%;--awb-order-small:0;--awb-spacing-right-small:1.92%;--awb-spacing-left-small:1.92%;\" data-animationtype=\"fadeInUp\" data-animationduration=\"1.0\" data-animationoffset=\"top-into-view\"><div class=\"fusion-column-wrapper fusion-column-has-shadow fusion-flex-justify-content-flex-start fusion-content-layout-column\"><div class=\"fusion-title title fusion-title-6 fusion-sep-none fusion-title-text fusion-title-size-two\" style=\"--awb-text-color:#68405a;--awb-font-size:30px;\"><h2 class=\"fusion-title-heading title-heading-left sm-text-align-center\" style=\"font-family:&quot;sunflora&quot;;margin:0;letter-spacing:var(--awb-typography1-letter-spacing);text-transform:var(--awb-typography1-text-transform);font-size:1em;line-height:34px;\">Uz kur\u0101m prec\u0113m attiecas izm\u0113\u0123in\u0101jums?<\/h2><\/div><div class=\"fusion-text fusion-text-6 sm-text-align-center\" style=\"--awb-font-size:20px;--awb-line-height:25px;--awb-text-color:#68405a;--awb-text-font-family:&quot;futura&quot;;--awb-text-font-style:normal;--awb-text-font-weight:400;\"><p>Tikai THATDAY biks\u012btes.<br \/>\nProdukti, uz kuriem neattiecas 40 dienu izm\u0113\u0123in\u0101jums:<\/p>\n<ul>\n<li>kr\u016b\u0161turi<\/li>\n<li>\u016bdensiztur\u012bg\u0101s somi\u0146as ar r\u0101v\u0113jsl\u0113dz\u0113ju<\/li>\n<\/ul>\n<p>Ne\u013caujiet sav\u0101m \u0161aub\u0101m trauc\u0113t atrast vair\u0101k komforta un ilgtsp\u0113j\u012bbas sav\u0101 dz\u012bv\u0113!<br \/>\n* Lai sa\u0146emtu atmaksu, lietotas var b\u016bt tikai vienas biks\u012btes no pas\u016bt\u012bjuma.<br \/>\n** 40\u00a0dienu bezriska izm\u0113\u0123in\u0101jums ir piem\u0113rojams<b> tikai uz preci, kas ieg\u0101d\u0101ta par pilnu summu<\/b>!<\/p>\n<\/div><\/div><\/div><\/div><\/div>","protected":false},"excerpt":{"rendered":"","protected":false},"author":1,"featured_media":0,"parent":0,"menu_order":0,"comment_status":"closed","ping_status":"closed","template":"100-width.php","meta":{"footnotes":""},"class_list":["post-1442","page","type-page","status-publish","hentry"],"aioseo_notices":[],"_links":{"self":[{"href":"https:\/\/thatday.eu\/lv\/wp-json\/wp\/v2\/pages\/1442","targetHints":{"allow":["GET"]}}],"collection":[{"href":"https:\/\/thatday.eu\/lv\/wp-json\/wp\/v2\/pages"}],"about":[{"href":"https:\/\/thatday.eu\/lv\/wp-json\/wp\/v2\/types\/page"}],"author":[{"embeddable":true,"href":"https:\/\/thatday.eu\/lv\/wp-json\/wp\/v2\/users\/1"}],"replies":[{"embeddable":true,"href":"https:\/\/thatday.eu\/lv\/wp-json\/wp\/v2\/comments?post=1442"}],"version-history":[{"count":2,"href":"https:\/\/thatday.eu\/lv\/wp-json\/wp\/v2\/pages\/1442\/revisions"}],"predecessor-version":[{"id":17100,"href":"https:\/\/thatday.eu\/lv\/wp-json\/wp\/v2\/pages\/1442\/revisions\/17100"}],"wp:attachment":[{"href":"https:\/\/thatday.eu\/lv\/wp-json\/wp\/v2\/media?parent=1442"}],"curies":[{"name":"wp","href":"https:\/\/api.w.org\/{rel}","templated":true}]}}