{"id":1466,"date":"2022-11-21T17:55:21","date_gmt":"2022-11-21T17:55:21","guid":{"rendered":"https:\/\/thatday.eu\/?page_id=1466"},"modified":"2024-03-10T09:41:52","modified_gmt":"2024-03-10T09:41:52","slug":"privacy-policy","status":"publish","type":"page","link":"https:\/\/thatday.eu\/lv\/privacy-policy\/","title":{"rendered":"Priv\u0101tuma &amp; s\u012bkdat\u0146u politika"},"content":{"rendered":"<div class=\"fusion-fullwidth fullwidth-box fusion-builder-row-1 fusion-flex-container has-pattern-background has-mask-background simplePageContent nonhundred-percent-fullwidth non-hundred-percent-height-scrolling\" style=\"--awb-border-radius-top-left:0px;--awb-border-radius-top-right:0px;--awb-border-radius-bottom-right:0px;--awb-border-radius-bottom-left:0px;--awb-padding-top:0px;--awb-padding-right:150px;--awb-padding-bottom:90px;--awb-padding-left:150px;--awb-padding-right-small:20px;--awb-padding-left-small:20PX;--awb-background-color:#ffffff;--awb-flex-wrap:wrap;\" ><div class=\"fusion-builder-row fusion-row fusion-flex-align-items-flex-start fusion-flex-content-wrap\" style=\"max-width:1476.8px;margin-left: calc(-4% \/ 2 );margin-right: calc(-4% \/ 2 );\"><div class=\"fusion-layout-column fusion_builder_column fusion-builder-column-0 fusion_builder_column_1_1 1_1 fusion-flex-column fusion-animated\" style=\"--awb-padding-right:90px;--awb-padding-right-small:0px;--awb-bg-size:cover;--awb-width-large:100%;--awb-margin-top-large:0px;--awb-spacing-right-large:1.92%;--awb-margin-bottom-large:20px;--awb-spacing-left-large:1.92%;--awb-width-medium:100%;--awb-order-medium:0;--awb-spacing-right-medium:1.92%;--awb-spacing-left-medium:1.92%;--awb-width-small:100%;--awb-order-small:0;--awb-spacing-right-small:1.92%;--awb-spacing-left-small:1.92%;\" data-animationtype=\"fadeInUp\" data-animationduration=\"1.0\" data-animationoffset=\"top-into-view\"><div class=\"fusion-column-wrapper fusion-column-has-shadow fusion-flex-justify-content-flex-start fusion-content-layout-column\"><div class=\"fusion-title title fusion-title-1 fusion-sep-none fusion-title-center fusion-title-text fusion-title-size-two\" style=\"--awb-font-size:45px;\"><h2 class=\"fusion-title-heading title-heading-center\" style=\"font-family:&quot;Yeseva One&quot;;font-style:normal;font-weight:400;margin:0;letter-spacing:var(--awb-typography1-letter-spacing);text-transform:var(--awb-typography1-text-transform);font-size:1em;line-height:var(--awb-typography1-line-height);\">Priv\u0101tuma un s\u012bkdat\u0146u politika<\/h2><\/div><div class=\"fusion-text fusion-text-1 sm-text-align-center\" style=\"--awb-font-size:20px;--awb-line-height:25px;--awb-text-color:#68405a;--awb-text-font-family:&quot;futuraptbook&quot;;--awb-text-font-style:normal;--awb-text-font-weight:400;\"><p>THATDAY apkopo z\u012bmolam interes\u0113jo\u0161o inform\u0101ciju, lai uzlabotu un personaliz\u0113tu savu klientu pieredzi un iepirk\u0161anos. \u0160\u012b inform\u0101cija \u013cauj THATDAY sazin\u0101ties ar klientiem par vi\u0146iem aktu\u0101liem produktiem, pakalpojumiem un rekl\u0101m\u0101m. T\u0101l\u0101k aprakst\u012bt\u0101 priv\u0101tuma politika (\u201cPriv\u0101tuma un s\u012bkdat\u0146u politika\u201d) attiecas uz visu THATDAY t\u012bmek\u013ca vietni (fr\u0101z\u0113m \u201cvietne\u201d, \u201cm\u0113s\u201d, \u201cm\u016bsu\u201d). T\u0101das fr\u0101zes k\u0101 \u201cj\u016bs\u201d, \u201cj\u016bsu\u201d un l\u012bdz\u012bgas izteiksmes attiecas uz m\u016bsu klientiem vai \u0161\u012bs vietnes lietot\u0101jiem. Apmekl\u0113jot un izmantojot \u0161o vietni, j\u016bs piekr\u012btat \u0161aj\u0101 priv\u0101tuma politik\u0101 aprakst\u012btajai praksei.<\/p>\n<\/div><\/div><\/div><div class=\"fusion-layout-column fusion_builder_column fusion-builder-column-1 fusion_builder_column_1_1 1_1 fusion-flex-column fusion-animated\" style=\"--awb-padding-right:90px;--awb-padding-right-small:0px;--awb-bg-size:cover;--awb-width-large:100%;--awb-margin-top-large:0px;--awb-spacing-right-large:1.92%;--awb-margin-bottom-large:20px;--awb-spacing-left-large:1.92%;--awb-width-medium:100%;--awb-order-medium:0;--awb-spacing-right-medium:1.92%;--awb-spacing-left-medium:1.92%;--awb-width-small:100%;--awb-order-small:0;--awb-spacing-right-small:1.92%;--awb-spacing-left-small:1.92%;\" data-animationtype=\"fadeInUp\" data-animationduration=\"1.0\" data-animationoffset=\"top-into-view\"><div class=\"fusion-column-wrapper fusion-column-has-shadow fusion-flex-justify-content-flex-start fusion-content-layout-column\"><div class=\"fusion-title title fusion-title-2 fusion-sep-none fusion-title-text fusion-title-size-two\" style=\"--awb-font-size:30px;\"><h2 class=\"fusion-title-heading title-heading-left sm-text-align-center\" style=\"font-family:&quot;Yeseva One&quot;;font-style:normal;font-weight:400;margin:0;letter-spacing:var(--awb-typography1-letter-spacing);text-transform:var(--awb-typography1-text-transform);font-size:1em;line-height:34px;\">Sav\u0101kt\u0101 inform\u0101cija<\/h2><\/div><div class=\"fusion-text fusion-text-2 sm-text-align-center\" style=\"--awb-font-size:20px;--awb-line-height:25px;--awb-text-font-family:&quot;futuraptbook&quot;;--awb-text-font-style:normal;--awb-text-font-weight:400;\"><p>Kad veicat pas\u016bt\u012bjumu, iesniedzat sava nor\u0113\u0137inu konta inform\u0101ciju vai piedal\u0101ties THATDAY reklam\u0113\u0161an\u0101 vai aptauj\u0101s, m\u016bsu vietne apkopo J\u016bsu personisko inform\u0101ciju, piem\u0113ram, J\u016bsu v\u0101rdu, e-pasta adresi, pasta adresi un maks\u0101jumu inform\u0101ciju (kred\u012btkar\u0161u numurus un bankas kontus). THATDAY izmanto apkopoto inform\u0101ciju, lai apstr\u0101d\u0101tu un izpild\u012btu J\u016bsu pas\u016bt\u012bjumu. T\u0101pat ar\u012b J\u016bsu e-pasta adrese tiek saglab\u0101ta, kad izmantojat da\u017e\u0101dus vietnes pakalpojumus (ar\u012b tad, kad veicat pas\u016bt\u012bjumu), lai m\u0113s var\u0113tu nos\u016bt\u012bt Jums visus nepiecie\u0161amos zi\u0146ojumus, kas saist\u012bti ar J\u016bsu pas\u016bt\u012bjumu.<\/p>\n<p>M\u0113s saglab\u0101jam ar\u012b J\u016bsu pirkumu v\u0113sturi, interes\u0113jo\u0161os produktus un citu inform\u0101ciju, kas var mums pal\u012bdz\u0113t uzlabot J\u016bsu iepirk\u0161anos. Pakalpojums Analytics pal\u012bdz uzlabot vietnes izmanto\u0161anu, noform\u0113jumu un datpl\u016bsmas mode\u013cus, m\u016bsu pied\u0101v\u0101tos produktus un pakalpojumus. THATDAY saprot un apzin\u0101s, ka pret klientu datiem un inform\u0101ciju ir j\u0101izturas atbild\u012bgi.<\/p>\n<p>L\u016bdzu, \u0146emiet v\u0113r\u0101: Jums nav oblig\u0101ti j\u0101sniedz inform\u0101cija m\u016bsu vietnei. Tom\u0113r, ja izv\u0113laties to nedar\u012bt, J\u016bs, iesp\u0113jams, nevar\u0113siet piek\u013c\u016bt noteiktiem m\u016bsu vietnes pakalpojumiem, ieskaitot pas\u016bt\u012bjuma veik\u0161anu un re\u0123istr\u0113\u0161anos citos saist\u012btos pakalpojumos.<\/p>\n<\/div><\/div><\/div><div class=\"fusion-layout-column fusion_builder_column fusion-builder-column-2 fusion_builder_column_1_1 1_1 fusion-flex-column fusion-animated\" style=\"--awb-padding-right:90px;--awb-padding-right-small:0px;--awb-bg-size:cover;--awb-width-large:100%;--awb-margin-top-large:0px;--awb-spacing-right-large:1.92%;--awb-margin-bottom-large:20px;--awb-spacing-left-large:1.92%;--awb-width-medium:100%;--awb-order-medium:0;--awb-spacing-right-medium:1.92%;--awb-spacing-left-medium:1.92%;--awb-width-small:100%;--awb-order-small:0;--awb-spacing-right-small:1.92%;--awb-spacing-left-small:1.92%;\" data-animationtype=\"fadeInUp\" data-animationduration=\"1.0\" data-animationoffset=\"top-into-view\"><div class=\"fusion-column-wrapper fusion-column-has-shadow fusion-flex-justify-content-flex-start fusion-content-layout-column\"><div class=\"fusion-title title fusion-title-3 fusion-sep-none fusion-title-text fusion-title-size-two\" style=\"--awb-font-size:16,92;\"><h2 class=\"fusion-title-heading title-heading-left sm-text-align-center\" style=\"font-family:&quot;sunflora&quot;;font-style:normal;font-weight:400;margin:0;letter-spacing:var(--awb-typography1-letter-spacing);text-transform:var(--awb-typography1-text-transform);font-size:1em;line-height:var(--awb-typography1-line-height);\">Facebook<\/h2><\/div><div class=\"fusion-text fusion-text-3 sm-text-align-center\"><p>Izmantojot vietnes Facebook pakalpojumus, k\u0101 ar\u012b citas pierakst\u012b\u0161an\u0101s metodes, m\u0113s varam piek\u013c\u016bt J\u016bsu personiskajiem datiem, lai uzlabotu J\u016bsu lieto\u0161anas pieredzi. M\u0113s uztveram J\u016bsu priv\u0101tumu nopietni un iev\u0113rojam visus Facebook noteikumus, nosac\u012bjumus un l\u012bgumsaist\u012bbas. J\u016bsu dati ir dro\u0161\u012bb\u0101, un bez at\u013caujas J\u016bsu v\u0101rd\u0101 netiek veiktas nek\u0101das darb\u012bbas.<\/p>\n<\/div><\/div><\/div><div class=\"fusion-layout-column fusion_builder_column fusion-builder-column-3 fusion_builder_column_1_1 1_1 fusion-flex-column fusion-animated\" style=\"--awb-padding-right:90px;--awb-padding-right-small:0px;--awb-bg-size:cover;--awb-width-large:100%;--awb-margin-top-large:0px;--awb-spacing-right-large:1.92%;--awb-margin-bottom-large:20px;--awb-spacing-left-large:1.92%;--awb-width-medium:100%;--awb-order-medium:0;--awb-spacing-right-medium:1.92%;--awb-spacing-left-medium:1.92%;--awb-width-small:100%;--awb-order-small:0;--awb-spacing-right-small:1.92%;--awb-spacing-left-small:1.92%;\" data-animationtype=\"fadeInUp\" data-animationduration=\"1.0\" data-animationoffset=\"top-into-view\"><div class=\"fusion-column-wrapper fusion-column-has-shadow fusion-flex-justify-content-flex-start fusion-content-layout-column\"><div class=\"fusion-title title fusion-title-4 fusion-sep-none fusion-title-text fusion-title-size-two\" style=\"--awb-font-size:16,92;\"><h2 class=\"fusion-title-heading title-heading-left sm-text-align-center\" style=\"font-family:&quot;sunflora&quot;;font-style:normal;font-weight:400;margin:0;letter-spacing:var(--awb-typography1-letter-spacing);text-transform:var(--awb-typography1-text-transform);font-size:1em;line-height:var(--awb-typography1-line-height);\">Vietnes statistika<\/h2><\/div><div class=\"fusion-text fusion-text-4 sm-text-align-center\"><p>T\u012bmek\u013cvietnes dati tiek apkopoti, lai izv\u0113rt\u0113tu lietot\u0101ju uzved\u012bbas tendences vietn\u0113. Anal\u012btiskie dati, piem\u0113ram, m\u016bsu servera apmekl\u0113jumi, datpl\u016bsma un lapas skat\u012bjumi par\u0101da no kurienes n\u0101k m\u016bsu auditorija un k\u0101da ir t\u0101s uzved\u012bba tie\u0161saist\u0113. \u0160\u0101d\u0101 veid\u0101 apkopota inform\u0101cija neidentific\u0113 konkr\u0113tus vietnes lietot\u0101jus. K\u0101 ar\u012b, t\u0101pat k\u0101 vairums t\u012bmek\u013ca viet\u0146u, ar\u012b m\u016bsu lapa izmanto \u201ct\u012bmek\u013ca b\u0101kas, \u201cpikse\u013cu tagus\u201d vai citas izseko\u0161anas tehnolo\u0123ijas, lai pal\u012bdz\u0113tu mums izp\u0113t\u012bt m\u016bsu lietot\u0101ju intereses internet\u0101, neizmantojot personu identific\u0113jo\u0161u inform\u0101ciju. \u0160os datus m\u0113s apvienojam ar l\u012bdz\u012bgiem datiem, kas sav\u0101kti no citiem lietot\u0101jiem, lai pal\u012bdz\u0113tu uzlabot THATDAY produktus, pakalpojumus un kop\u0113jo vietnes lieto\u0161anas pieredzi.<\/p>\n<p>M\u0113s esam nosl\u0113gu\u0161i l\u012bgumu ar tre\u0161\u0101s puses rekl\u0101mas partneriem, lai r\u0101d\u012btu rekl\u0101mas m\u016bsu uz\u0146\u0113muma v\u0101rd\u0101 \u0161aj\u0101 vietn\u0113 un internet\u0101. Vi\u0146i apkopo un izmanto anon\u012bmi sav\u0101ktu inform\u0101ciju par J\u016bsu apmekl\u0113jumiem un mijiedarb\u012bbu ar m\u016bsu t\u012bmek\u013ca vietni. Kad apmekl\u0113jat Thatday.eu, J\u016bsu dator\u0101 tiek par\u0101d\u012btas s\u012bkdat\u0146u rekl\u0101mas, lai m\u0113s var\u0113tu lab\u0101k identific\u0113t, kas J\u016bs visvair\u0101k interes\u0113. M\u016bsu rekl\u0101mas t\u012bkla partneris AdRoll \u013cauj mums iepaz\u012bstin\u0101t J\u016bs ar \u201ere-target\u0113\u0161anu\u201d cit\u0101s J\u016bsu apmekl\u0113taj\u0101s vietn\u0113s, pamatojoties uz J\u016bsu iepriek\u0161\u0113j\u0101m darb\u012bb\u0101m Thatday.eu. M\u016bsu partneru izmantot\u0101s metodes neapkopo nek\u0101du personisku inform\u0101ciju, piem\u0113ram, J\u016bsu v\u0101rdu, e-pasta adresi, pasta adresi vai t\u0101lru\u0146a numuru. Apmekl\u0113jiet \u0161o lapu, lai atteiktos no AdRoll un vi\u0146u partneru \u201ere-target\u0113t\u0101s\u201drekl\u0101mas.<\/p>\n<\/div><\/div><\/div><div class=\"fusion-layout-column fusion_builder_column fusion-builder-column-4 fusion_builder_column_1_1 1_1 fusion-flex-column fusion-animated\" style=\"--awb-padding-right:90px;--awb-padding-right-small:0px;--awb-bg-size:cover;--awb-width-large:100%;--awb-margin-top-large:0px;--awb-spacing-right-large:1.92%;--awb-margin-bottom-large:20px;--awb-spacing-left-large:1.92%;--awb-width-medium:100%;--awb-order-medium:0;--awb-spacing-right-medium:1.92%;--awb-spacing-left-medium:1.92%;--awb-width-small:100%;--awb-order-small:0;--awb-spacing-right-small:1.92%;--awb-spacing-left-small:1.92%;\" data-animationtype=\"fadeInUp\" data-animationduration=\"1.0\" data-animationoffset=\"top-into-view\"><div class=\"fusion-column-wrapper fusion-column-has-shadow fusion-flex-justify-content-flex-start fusion-content-layout-column\"><div class=\"fusion-title title fusion-title-5 fusion-sep-none fusion-title-text fusion-title-size-two\" style=\"--awb-font-size:16,92;\"><h2 class=\"fusion-title-heading title-heading-left sm-text-align-center\" style=\"font-family:&quot;sunflora&quot;;font-style:normal;font-weight:400;margin:0;letter-spacing:var(--awb-typography1-letter-spacing);text-transform:var(--awb-typography1-text-transform);font-size:1em;line-height:var(--awb-typography1-line-height);\">Vecuma ierobe\u017eojumi<\/h2><\/div><div class=\"fusion-text fusion-text-5 sm-text-align-center\"><p>Klientiem, kas jaun\u0101ki par 18 gadiem, nepiecie\u0161ama vec\u0101ku vai aizbild\u0146u piekri\u0161ana darb\u012bb\u0101m THATDAY tie\u0161saistes veikal\u0101. Ja esat jaun\u0101ks par 18 gadiem, pirms re\u0123istr\u0113\u0161an\u0101s vietn\u0113 un t\u0101s pakalpojumu izmanto\u0161anas jums ir j\u0101inform\u0113 vec\u0101ki vai aizbildnis par m\u016bsu priv\u0101tuma politiku.<\/p>\n<\/div><\/div><\/div><div class=\"fusion-layout-column fusion_builder_column fusion-builder-column-5 fusion_builder_column_1_1 1_1 fusion-flex-column fusion-animated\" style=\"--awb-padding-right:90px;--awb-padding-right-small:0px;--awb-bg-size:cover;--awb-width-large:100%;--awb-margin-top-large:0px;--awb-spacing-right-large:1.92%;--awb-margin-bottom-large:20px;--awb-spacing-left-large:1.92%;--awb-width-medium:100%;--awb-order-medium:0;--awb-spacing-right-medium:1.92%;--awb-spacing-left-medium:1.92%;--awb-width-small:100%;--awb-order-small:0;--awb-spacing-right-small:1.92%;--awb-spacing-left-small:1.92%;\" data-animationtype=\"fadeInUp\" data-animationduration=\"1.0\" data-animationoffset=\"top-into-view\"><div class=\"fusion-column-wrapper fusion-column-has-shadow fusion-flex-justify-content-flex-start fusion-content-layout-column\"><div class=\"fusion-title title fusion-title-6 fusion-sep-none fusion-title-text fusion-title-size-two\" style=\"--awb-font-size:16,92;\"><h2 class=\"fusion-title-heading title-heading-left sm-text-align-center\" style=\"font-family:&quot;sunflora&quot;;font-style:normal;font-weight:400;margin:0;letter-spacing:var(--awb-typography1-letter-spacing);text-transform:var(--awb-typography1-text-transform);font-size:1em;line-height:var(--awb-typography1-line-height);\">Dro\u0161\u012bba<\/h2><\/div><div class=\"fusion-text fusion-text-6 sm-text-align-center\"><p>M\u0113s izmantojam fiziskus, elektroniskus un administrat\u012bvus dro\u0161\u012bbas l\u012bdzek\u013cus, lai pasarg\u0101tu J\u016bsu personisko inform\u0101ciju un kred\u012btkar\u0161u datus. \u0160ie aizsardz\u012bbas pas\u0101kumi pal\u012bdz nov\u0113rst kr\u0101p\u0161anas gad\u012bjumus un neautoriz\u0113tu piek\u013cuvi, k\u0101 ar\u012b saglab\u0101t datu precizit\u0101ti. M\u0113s pieliekam visas p\u016bles, lai blo\u0137\u0113tu piek\u013cuvi J\u016bsu personiskajai inform\u0101cijai THATDAY darbiniekiem un korporat\u012bvajiem partneriem un nodro\u0161in\u0101tu, ka J\u016bsu personisk\u0101 inform\u0101cija vienm\u0113r atrodas dro\u0161\u012bb\u0101.<\/p>\n<\/div><\/div><\/div><div class=\"fusion-layout-column fusion_builder_column fusion-builder-column-6 fusion_builder_column_1_1 1_1 fusion-flex-column fusion-animated\" style=\"--awb-padding-right:90px;--awb-padding-right-small:0px;--awb-bg-size:cover;--awb-width-large:100%;--awb-margin-top-large:0px;--awb-spacing-right-large:1.92%;--awb-margin-bottom-large:20px;--awb-spacing-left-large:1.92%;--awb-width-medium:100%;--awb-order-medium:0;--awb-spacing-right-medium:1.92%;--awb-spacing-left-medium:1.92%;--awb-width-small:100%;--awb-order-small:0;--awb-spacing-right-small:1.92%;--awb-spacing-left-small:1.92%;\" data-animationtype=\"fadeInUp\" data-animationduration=\"1.0\" data-animationoffset=\"top-into-view\"><div class=\"fusion-column-wrapper fusion-column-has-shadow fusion-flex-justify-content-flex-start fusion-content-layout-column\"><div class=\"fusion-title title fusion-title-7 fusion-sep-none fusion-title-text fusion-title-size-two\" style=\"--awb-font-size:16,92;\"><h2 class=\"fusion-title-heading title-heading-left sm-text-align-center\" style=\"font-family:&quot;sunflora&quot;;font-style:normal;font-weight:400;margin:0;letter-spacing:var(--awb-typography1-letter-spacing);text-transform:var(--awb-typography1-text-transform);font-size:1em;line-height:var(--awb-typography1-line-height);\">Noteikumu un nosac\u012bjumu groz\u012bjumi<\/h2><\/div><div class=\"fusion-text fusion-text-7 sm-text-align-center\"><p>M\u0113s paturam ties\u012bbas main\u012bt priv\u0101tuma politiku, lai uzlabotu m\u016bsu klientu apkalpo\u0161anu. M\u0113s aicin\u0101m J\u016bs ik pa laikam p\u0101rlas\u012bt noteikumus, lai apzin\u0101tos visas veikt\u0101s izmai\u0146as.<\/p>\n<\/div><\/div><\/div><div class=\"fusion-layout-column fusion_builder_column fusion-builder-column-7 fusion_builder_column_1_1 1_1 fusion-flex-column fusion-animated\" style=\"--awb-padding-right:90px;--awb-padding-right-small:0px;--awb-bg-size:cover;--awb-width-large:100%;--awb-margin-top-large:0px;--awb-spacing-right-large:1.92%;--awb-margin-bottom-large:20px;--awb-spacing-left-large:1.92%;--awb-width-medium:100%;--awb-order-medium:0;--awb-spacing-right-medium:1.92%;--awb-spacing-left-medium:1.92%;--awb-width-small:100%;--awb-order-small:0;--awb-spacing-right-small:1.92%;--awb-spacing-left-small:1.92%;\" data-animationtype=\"fadeInUp\" data-animationduration=\"1.0\" data-animationoffset=\"top-into-view\"><div class=\"fusion-column-wrapper fusion-column-has-shadow fusion-flex-justify-content-flex-start fusion-content-layout-column\"><div class=\"fusion-title title fusion-title-8 fusion-sep-none fusion-title-text fusion-title-size-two\" style=\"--awb-font-size:16,92;\"><h2 class=\"fusion-title-heading title-heading-left sm-text-align-center\" style=\"font-family:&quot;sunflora&quot;;font-style:normal;font-weight:400;margin:0;letter-spacing:var(--awb-typography1-letter-spacing);text-transform:var(--awb-typography1-text-transform);font-size:1em;line-height:var(--awb-typography1-line-height);\">Kopsavilkums<\/h2><\/div><div class=\"fusion-text fusion-text-8 sm-text-align-center\"><p>THATDAY uztver J\u016bsu priv\u0101tumu nopietni. Izv\u0113loties ar mums sadarboties, m\u0113s v\u0113lamies, lai J\u016bs justos p\u0101rliecin\u0101ti, ka J\u016bsu personisk\u0101 inform\u0101cija un kred\u012btkar\u0161u dati tiks aizsarg\u0101ti. T\u0101pat k\u0101 m\u0113s v\u0113lamies Jums pied\u0101v\u0101t vislab\u0101kos produktus, m\u0113s v\u0113lamies ar\u012b nodro\u0161in\u0101t Jums dro\u0161u iepirk\u0161anos. Personisk\u0101 inform\u0101cija, ko apkopojam vietn\u0113, pal\u012bdz mums lab\u0101k izprast m\u016bsu auditorijas intereses, past\u0101v\u012bgi cen\u0161oties nodro\u0161in\u0101t Jums arvien lab\u0101kus pakalpojumus.<\/p>\n<p>Ja Jums ir k\u0101di jaut\u0101jumi vai ieteikumi saist\u012bb\u0101 ar m\u016bsu priv\u0101tuma politikas standartiem, l\u016bdzu, nos\u016btiet e-pasta zi\u0146ojumu uz: hello@thatday.eu.<\/p>\n<\/div><\/div><\/div><\/div><\/div>","protected":false},"excerpt":{"rendered":"","protected":false},"author":1,"featured_media":0,"parent":0,"menu_order":0,"comment_status":"closed","ping_status":"closed","template":"100-width.php","meta":{"footnotes":""},"class_list":["post-1466","page","type-page","status-publish","hentry"],"aioseo_notices":[],"_links":{"self":[{"href":"https:\/\/thatday.eu\/lv\/wp-json\/wp\/v2\/pages\/1466","targetHints":{"allow":["GET"]}}],"collection":[{"href":"https:\/\/thatday.eu\/lv\/wp-json\/wp\/v2\/pages"}],"about":[{"href":"https:\/\/thatday.eu\/lv\/wp-json\/wp\/v2\/types\/page"}],"author":[{"embeddable":true,"href":"https:\/\/thatday.eu\/lv\/wp-json\/wp\/v2\/users\/1"}],"replies":[{"embeddable":true,"href":"https:\/\/thatday.eu\/lv\/wp-json\/wp\/v2\/comments?post=1466"}],"version-history":[{"count":0,"href":"https:\/\/thatday.eu\/lv\/wp-json\/wp\/v2\/pages\/1466\/revisions"}],"wp:attachment":[{"href":"https:\/\/thatday.eu\/lv\/wp-json\/wp\/v2\/media?parent=1466"}],"curies":[{"name":"wp","href":"https:\/\/api.w.org\/{rel}","templated":true}]}}