{"id":1468,"date":"2022-11-21T18:04:25","date_gmt":"2022-11-21T18:04:25","guid":{"rendered":"https:\/\/thatday.eu\/?page_id=1468"},"modified":"2025-12-01T17:39:02","modified_gmt":"2025-12-01T17:39:02","slug":"shipping-return","status":"publish","type":"page","link":"https:\/\/thatday.eu\/lv\/shipping-return\/","title":{"rendered":"Pieg\u0101de &amp; pre\u010du atgrie\u0161ana"},"content":{"rendered":"<div class=\"fusion-fullwidth fullwidth-box fusion-builder-row-1 fusion-flex-container has-pattern-background has-mask-background simplePageContent nonhundred-percent-fullwidth non-hundred-percent-height-scrolling\" style=\"--awb-border-radius-top-left:0px;--awb-border-radius-top-right:0px;--awb-border-radius-bottom-right:0px;--awb-border-radius-bottom-left:0px;--awb-padding-top:0px;--awb-padding-right:150px;--awb-padding-bottom:90px;--awb-padding-left:150px;--awb-padding-right-small:20px;--awb-padding-left-small:20px;--awb-background-color:#ffffff;--awb-flex-wrap:wrap;\" ><div class=\"fusion-builder-row fusion-row fusion-flex-align-items-flex-start fusion-flex-content-wrap\" style=\"max-width:1476.8px;margin-left: calc(-4% \/ 2 );margin-right: calc(-4% \/ 2 );\"><div class=\"fusion-layout-column fusion_builder_column fusion-builder-column-0 fusion_builder_column_1_1 1_1 fusion-flex-column fusion-animated\" style=\"--awb-padding-right:90px;--awb-padding-right-small:0px;--awb-bg-size:cover;--awb-width-large:100%;--awb-margin-top-large:0px;--awb-spacing-right-large:1.92%;--awb-margin-bottom-large:20px;--awb-spacing-left-large:1.92%;--awb-width-medium:100%;--awb-order-medium:0;--awb-spacing-right-medium:1.92%;--awb-spacing-left-medium:1.92%;--awb-width-small:100%;--awb-order-small:0;--awb-spacing-right-small:1.92%;--awb-spacing-left-small:1.92%;\" data-animationtype=\"fadeInUp\" data-animationduration=\"1.0\" data-animationoffset=\"top-into-view\"><div class=\"fusion-column-wrapper fusion-column-has-shadow fusion-flex-justify-content-flex-start fusion-content-layout-column\"><div class=\"fusion-title title fusion-title-1 fusion-sep-none fusion-title-center fusion-title-text fusion-title-size-two\"><h2 class=\"fusion-title-heading title-heading-center\" style=\"margin:0;text-transform:capitalize;\">Pieg\u0101de &amp; pre\u010du atgrie\u0161ana<\/h2><\/div><div class=\"fusion-title title fusion-title-2 fusion-sep-none fusion-title-text fusion-title-size-two\"><h2 class=\"fusion-title-heading title-heading-left\" style=\"margin:0;text-transform:capitalize;\">Jaunums!<\/h2><\/div><div class=\"fusion-text fusion-text-1 sm-text-align-center\" style=\"--awb-font-size:15px;--awb-text-color:#673f59;--awb-text-font-family:&quot;futura&quot;;--awb-text-font-style:normal;--awb-text-font-weight:400;\"><p class=\"translation-block\">Pas\u016bt\u012bjumus tagad var sa\u0146emt ar\u012b kl\u0101tien\u0113 \u2013 Kungu iel\u0101 7\/9, R\u012bg\u0101 <b>vai<\/b> Jomas iel\u0101 74, J\u016brmal\u0101. Tas notiek \u0161\u0101di:<\/p>\n<ol>\n<li>Veic pirkumu internet\u0101.<\/li>\n<li>Sagaidi SMS ar apstiprin\u0101jumu, ka pas\u016bt\u012bjums ir gatavs sa\u0146em\u0161anai.<\/li>\n<li class=\"translation-block\">Dodies uz veikalu Kungu iel\u0101 7\/9 (lieli logi ar uzrakstu \u201cPIENENE\u201d) <b>vai Jomas iel\u0101 74, J\u016brmal\u0101 (veikals \u201cBROKOLIS\u201d)<\/b> un sa\u0146em savu pas\u016bt\u012bjumu!<\/li>\n<\/ol>\n<p>*J\u016bs varat sa\u0146emt savu paku p\u0113c apstiprin\u0101\u0161anas.<\/p>\n<\/div><div class=\"fusion-title title fusion-title-3 fusion-sep-none fusion-title-text fusion-title-size-two\"><h2 class=\"fusion-title-heading title-heading-left\" style=\"margin:0;text-transform:capitalize;\">M\u0113s pieg\u0101d\u0101jam uz visu pasauli!<\/h2><\/div><div class=\"fusion-text fusion-text-2 sm-text-align-center\" style=\"--awb-font-size:15px;--awb-text-color:#673f59;--awb-text-font-family:&quot;futura&quot;;--awb-text-font-style:normal;--awb-text-font-weight:400;\"><p>Apr\u0113\u0137in\u0101t\u0101s nos\u016bt\u012b\u0161anas izmaksas tiks par\u0101d\u012btas pirms pas\u016bt\u012bjuma apmaksas.<br \/>\nPas\u016bt\u012bjumu pieg\u0101dei Latvijas robe\u017e\u0101s m\u0113s iesak\u0101m izmantot OMNIVA pakom\u0101tu pakalpojumu, bet \u0101rpus Latvijas - Latvijas pasta pakalpojumu, kas \u013caus sekot s\u016bt\u012bjuma virz\u012bbai.<\/p>\n<p>Pas\u016bt\u012bjumi tiek apstr\u0101d\u0101ti un izs\u016bt\u012bti 1-5 darba dienu laik\u0101 (no pirmdienas l\u012bdz piektdienai). Kad paka b\u016bs nos\u016bt\u012bta, J\u016bs sa\u0146emsiet apstiprin\u0101juma e-pasta v\u0113stuli ar s\u016bt\u012bjuma izseko\u0161anas inform\u0101ciju. Ja k\u0101da iemesla d\u0113\u013c nor\u0101d\u012bj\u0101t nepiln\u012bgu vai nepareizu adresi, l\u016bdzu, sazinieties ar m\u016bsu klientu apkalpo\u0161anas servisu p\u0113c iesp\u0113jas \u0101tr\u0101k (pirms esat sa\u0146\u0113mis apstiprin\u0101juma e-pasta v\u0113stuli). Kad paka b\u016bs izs\u016bt\u012bta, m\u0113s adresi izmain\u012bt vairs nevar\u0113sim.<\/p>\n<p>M\u0113s r\u016bp\u012bgi iepakojam savas preces, lai nodro\u0161in\u0101tu, ka s\u016bt\u012bjums pie Jums non\u0101k nevainojam\u0101 st\u0101vokl\u012b.<\/p>\n<p>Pieg\u0101des laiks *:<br \/>\nBaltijas valst\u012bs: 2-7 darba dienas (s\u016bt\u012b\u0161ana caur Omniva paku termin\u0101\u013ciem\/Latvijas pasta pakalpojumu izmanto\u0161ana)<br \/>\nEiropas Savien\u012bbas valst\u012bs: 7-18 darba dienas (s\u016bt\u012b\u0161ana, izmantojot Latvijas pasta pakalpojumus)<br \/>\n\u0101rpus Eiropas Savien\u012bbas: 2\u20134 darba ned\u0113\u013cas (s\u016bt\u012b\u0161ana, izmantojot Latvijas pasta pakalpojumus)<\/p>\n<p>* \u0160\u012bs vadl\u012bnijas un termi\u0146i ir aptuveni, tos nevar pie\u0146emt par garant\u0113tu pieg\u0101des laiku.<\/p>\n<p>Lai izsekotu pas\u016bt\u012bjumus, kas j\u0101pieg\u0101d\u0101 Baltijas valst\u012bs, pas\u016bt\u012bjuma izseko\u0161anas numurs j\u0101ievada \u0161eit.<\/p>\n<p>Lai izsekotu pas\u016bt\u012bjumus, kas j\u0101pieg\u0101d\u0101 \u0101rpus Baltijas valst\u012bm, pas\u016bt\u012bjuma izseko\u0161anas numurs j\u0101ievada \u0161eit.<\/p>\n<\/div><div class=\"fusion-title title fusion-title-4 fusion-sep-none fusion-title-text fusion-title-size-two\"><h2 class=\"fusion-title-heading title-heading-left\" style=\"margin:0;text-transform:capitalize;\">Pre\u010du atgrie\u0161ana<\/h2><\/div><div class=\"fusion-text fusion-text-3 sm-text-align-center\" style=\"--awb-font-size:15px;--awb-text-color:#673f59;--awb-text-font-family:&quot;futura&quot;;--awb-text-font-style:normal;--awb-text-font-weight:400;\"><p>M\u0113s pied\u0101v\u0101jam m\u016bsu klientiem iesp\u0113ju atgriezt ieg\u0101d\u0101t\u0101s preces <strong>mai\u0146ai<\/strong> vai <strong>atmaksai<\/strong>.<\/p>\n<p>Atgrie\u0161ana vai mai\u0146a ir iesp\u0113jama <strong data-start=\"370\" data-end=\"392\">14 dienu laik\u0101<\/strong> p\u0113c preces sa\u0146em\u0161anas, ja prece ir <strong data-start=\"438\" data-end=\"459\">nevainojam\u0101 st\u0101vokl\u012b,<\/strong>nevalk\u0101ta un ar vis\u0101m higi\u0113nas uzl\u012bm\u0113m.<\/p>\n<p data-start=\"499\" data-end=\"601\">Visas preces tiek r\u016bp\u012bgi p\u0101rbaud\u012btas kvalit\u0101tes un defektu zi\u0146\u0101 pirms nos\u016bt\u012b\u0161anas klientiem.<\/p>\n<p data-start=\"603\" data-end=\"645\"><strong data-start=\"603\" data-end=\"643\">Atgrie\u0161anas vai apmai\u0146as nosac\u012bjumi:<\/strong><\/p>\n<ul>\n<li data-start=\"646\" data-end=\"709\">\n<p data-start=\"648\" data-end=\"709\">Prece nedr\u012bkst b\u016bt valk\u0101ta vai mazg\u0101ta, j\u0101b\u016bt bez traipiem un smar\u017eas.<\/p>\n<\/li>\n<li data-start=\"710\" data-end=\"790\">\n<p data-start=\"712\" data-end=\"790\">Precei j\u0101b\u016bt ori\u0123in\u0101laj\u0101 iepakojum\u0101 un ar vis\u0101m higi\u0113nas uzl\u012bm\u0113m.<\/p>\n<\/li>\n<li data-start=\"791\" data-end=\"863\">\n<p data-start=\"793\" data-end=\"863\">Preces, kas neatbilst \u0161iem nosac\u012bjumiem <strong data-start=\"841\" data-end=\"860\">netiks pie\u0146emtas<\/strong>.<\/p>\n<\/li>\n<\/ul>\n<p data-start=\"865\" data-end=\"1000\">Visi pas\u016bt\u012bjumi tiek s\u016bt\u012bti iepakojum\u0101, ko var izmantot atk\u0101rtotai atgrie\u0161anai. <strong data-start=\"933\" data-end=\"998\">Atgrie\u0161anas izdevumi ir klienta zi\u0146\u0101.<\/strong><\/p>\n<p data-start=\"1002\" data-end=\"1023\"><strong data-start=\"1002\" data-end=\"1021\">Atgrie\u0161anas veidi:<\/strong><\/p>\n<ul data-start=\"1024\" data-end=\"1310\">\n<li data-start=\"1024\" data-end=\"1138\">\n<p data-start=\"1026\" data-end=\"1138\">Lai atgrieztu vai apmain\u012btu preci caur pakom\u0101tu, s\u016btiet pakas uz:<br data-start=\"1089\" data-end=\"1092\" \/><strong data-start=\"1094\" data-end=\"1136\">OMNIVA &#8211; J\u016brmalas Dubultu TOP pakom\u0101ts, Phone: +371 29273900<br \/>\nDPD &#8211; Paku Skapis TOP Dubulti, Phone: +371 29273900<\/strong><\/p>\n<\/li>\n<li data-start=\"1139\" data-end=\"1310\">\n<p data-start=\"1141\" data-end=\"1310\">Lai atgrieztu vai apmain\u012btu preci kl\u0101tien\u0113 m\u016bsu partneru veikalos (Pienene, Vecr\u012bga vai D-IQ Baltijas dizaina pre\u010du salons, Stockmann), l\u016bdzu, sazinieties ar mums rakstiski <a class=\"decorated-link cursor-pointer\" target=\"_self\" rel=\"noopener\" data-start=\"1290\" data-end=\"1306\"><strong>e-past\u0101<\/strong> hello@thatday.eu <\/a>pirms <strong data-start=\"1288\" data-end=\"1308\"><a class=\"decorated-link cursor-pointer\" rel=\"noopener\" data-start=\"1290\" data-end=\"1306\">hello@thatday.eu\u00a0<\/a><\/strong><\/p>\n<\/li>\n<\/ul>\n<p class=\"translation-block\">Ja v\u0113laties sa\u0146emt atmaksu, samaks\u0101t\u0101 summa par preci(\u0113m) tiks atgriezta p\u0113c tam, kad tiks konstat\u0113ts, ka visi atgrie\u0161anas nosac\u012bjumi ir izpild\u012bti.<\/p>\n<p class=\"translation-block\">Ja v\u0113laties veikt preces mai\u0146u, l\u016bdzu, nor\u0101diet modeli un izm\u0113ru precei, ko v\u0113laties sa\u0146emt (rakstiski pa e-pastu vai pievienojot z\u012bm\u012bti s\u016bt\u012bjum\u0101). Ja v\u0113laties apmain\u012bt pret citu modeli, klientam j\u0101sedz preces v\u0113rt\u012bbas starp\u012bba.<\/p>\n<p>Kad THATDAY sa\u0146em atgriezto preci, mai\u0146a vai atmaksas process tiks pabeigts 10 dienu laik\u0101 p\u0113c j\u016bsu piepras\u012bjuma.<\/p>\n<\/div><\/div><\/div><\/div><\/div>","protected":false},"excerpt":{"rendered":"","protected":false},"author":1,"featured_media":0,"parent":0,"menu_order":0,"comment_status":"closed","ping_status":"closed","template":"100-width.php","meta":{"footnotes":""},"class_list":["post-1468","page","type-page","status-publish","hentry"],"aioseo_notices":[],"_links":{"self":[{"href":"https:\/\/thatday.eu\/lv\/wp-json\/wp\/v2\/pages\/1468","targetHints":{"allow":["GET"]}}],"collection":[{"href":"https:\/\/thatday.eu\/lv\/wp-json\/wp\/v2\/pages"}],"about":[{"href":"https:\/\/thatday.eu\/lv\/wp-json\/wp\/v2\/types\/page"}],"author":[{"embeddable":true,"href":"https:\/\/thatday.eu\/lv\/wp-json\/wp\/v2\/users\/1"}],"replies":[{"embeddable":true,"href":"https:\/\/thatday.eu\/lv\/wp-json\/wp\/v2\/comments?post=1468"}],"version-history":[{"count":4,"href":"https:\/\/thatday.eu\/lv\/wp-json\/wp\/v2\/pages\/1468\/revisions"}],"predecessor-version":[{"id":16313,"href":"https:\/\/thatday.eu\/lv\/wp-json\/wp\/v2\/pages\/1468\/revisions\/16313"}],"wp:attachment":[{"href":"https:\/\/thatday.eu\/lv\/wp-json\/wp\/v2\/media?parent=1468"}],"curies":[{"name":"wp","href":"https:\/\/api.w.org\/{rel}","templated":true}]}}