{"id":1476,"date":"2022-11-21T18:12:55","date_gmt":"2022-11-21T18:12:55","guid":{"rendered":"https:\/\/thatday.eu\/?page_id=1476"},"modified":"2024-03-10T09:55:41","modified_gmt":"2024-03-10T09:55:41","slug":"terms-conditions","status":"publish","type":"page","link":"https:\/\/thatday.eu\/lv\/terms-conditions\/","title":{"rendered":"Noteikumi un nosac\u012bjumi"},"content":{"rendered":"<div class=\"fusion-fullwidth fullwidth-box fusion-builder-row-1 fusion-flex-container has-pattern-background has-mask-background simplePageContent nonhundred-percent-fullwidth non-hundred-percent-height-scrolling\" style=\"--awb-border-radius-top-left:0px;--awb-border-radius-top-right:0px;--awb-border-radius-bottom-right:0px;--awb-border-radius-bottom-left:0px;--awb-padding-top:0px;--awb-padding-right:150px;--awb-padding-bottom:90px;--awb-padding-left:150px;--awb-padding-right-small:20px;--awb-padding-left-small:20px;--awb-background-color:#ffff;--awb-flex-wrap:wrap;\" ><div class=\"fusion-builder-row fusion-row fusion-flex-align-items-flex-start fusion-flex-content-wrap\" style=\"max-width:1476.8px;margin-left: calc(-4% \/ 2 );margin-right: calc(-4% \/ 2 );\"><div class=\"fusion-layout-column fusion_builder_column fusion-builder-column-0 fusion_builder_column_1_1 1_1 fusion-flex-column fusion-animated\" style=\"--awb-padding-right:90px;--awb-padding-right-small:0px;--awb-bg-size:cover;--awb-width-large:100%;--awb-margin-top-large:0px;--awb-spacing-right-large:1.92%;--awb-margin-bottom-large:20px;--awb-spacing-left-large:1.92%;--awb-width-medium:100%;--awb-order-medium:0;--awb-spacing-right-medium:1.92%;--awb-spacing-left-medium:1.92%;--awb-width-small:100%;--awb-order-small:0;--awb-spacing-right-small:1.92%;--awb-spacing-left-small:1.92%;\" data-animationtype=\"fadeInUp\" data-animationduration=\"1.0\" data-animationoffset=\"top-into-view\"><div class=\"fusion-column-wrapper fusion-column-has-shadow fusion-flex-justify-content-flex-start fusion-content-layout-column\"><div class=\"fusion-title title fusion-title-1 fusion-sep-none fusion-title-center fusion-title-text fusion-title-size-two\"><h2 class=\"fusion-title-heading title-heading-center\" style=\"margin:0;text-transform:capitalize;\">Noteikumi un nosac\u012bjumi<\/h2><\/div><div class=\"fusion-title title fusion-title-2 fusion-sep-none fusion-title-text fusion-title-size-two\"><h2 class=\"fusion-title-heading title-heading-left\" style=\"margin:0;text-transform:capitalize;\">Par uz\u0146\u0113mumu<\/h2><\/div><div class=\"fusion-text fusion-text-1 sm-text-align-center\" style=\"--awb-font-size:15px;--awb-text-color:#673f59;--awb-text-font-family:&quot;futura&quot;;--awb-text-font-style:normal;--awb-text-font-weight:400;\"><p>www.thatday.eu ir ofici\u0101lais SIA THATDAY tie\u0161saistes veikals. SIA THATDAY ir re\u0123istr\u0113ts Latvij\u0101 un pak\u013caujas Latvijas likumdo\u0161anai. Uz\u0146\u0113muma re\u0123istr\u0101cijas numurs ir 40203281192, juridisk\u0101 adrese - Jomas iela 74, J\u016brmala, Latvija, LV-2015. E-pasta adrese: hello@thatday.eu<\/p>\n<p>E-pasta adrese: hello@thatday.eu<\/p>\n<\/div><div class=\"fusion-title title fusion-title-3 fusion-sep-none fusion-title-text fusion-title-size-two\"><h2 class=\"fusion-title-heading title-heading-left\" style=\"margin:0;text-transform:capitalize;\">Konkurs<\/h2><\/div><div class=\"fusion-text fusion-text-2 sm-text-align-center\" style=\"--awb-font-size:15px;--awb-text-color:#673f59;--awb-text-font-family:&quot;futura&quot;;--awb-text-font-style:normal;--awb-text-font-weight:400;\"><p>Uz\u0146\u0113muma darbinieki THATDAY izsludin\u0101tajos konkursos piedal\u012bties nedr\u012bkst. Jebk\u0101du str\u012bdu gad\u012bjumos, kas radu\u0161ies saist\u012bb\u0101 ar konkursu noteikumiem, THATDAY pie\u0146ems gala l\u0113mumu.<\/p>\n<p>Laimestus nav iesp\u0113jams apmain\u012bt pret citiem produktiem vai naudas summu. Visi saist\u012btie nodok\u013ci un nodevas ir samaks\u0101tas.<\/p>\n<p>THATDAY patur ties\u012bbas pazi\u0146ot uzvar\u0113t\u0101ja v\u0101rdu un pils\u0113tu THATDAY publik\u0101cij\u0101s pla\u0161sazi\u0146as l\u012bdzek\u013cos.<\/p>\n<p>Autentific\u0113joties ar savu e-pasta adresi, dal\u012bbnieki piekr\u012bt sa\u0146emt jaunumu v\u0113stules no THATDAY. Dal\u012bbnieki, kas piedal\u0101s konkurs\u0101, piekr\u012bt augst\u0101k min\u0113tajam. M\u016bsu Facebook\/Instagram konkursus nek\u0101d\u0101 veid\u0101 neatbalsta, nesponsor\u0113 vai nep\u0101rvalda Facebook un Instagram soci\u0101lie t\u012bkli. Konkursa uzvar\u0113t\u0101ji tiks uzrun\u0101ti tie\u0161\u0101 veid\u0101 ar e-pasta v\u0113stules starpniec\u012bbu vai priv\u0101tu zi\u0146u.<\/p>\n<\/div><div class=\"fusion-title title fusion-title-4 fusion-sep-none fusion-title-text fusion-title-size-two\"><h2 class=\"fusion-title-heading title-heading-left\" style=\"margin:0;text-transform:capitalize;\">Vecuma ierobe\u017eojumi<\/h2><\/div><div class=\"fusion-text fusion-text-3 sm-text-align-center\" style=\"--awb-font-size:15px;--awb-text-color:#673f59;--awb-text-font-family:&quot;futura&quot;;--awb-text-font-style:normal;--awb-text-font-weight:400;\"><p>Klientiem, kas jaun\u0101ki par 18 gadiem, nepiecie\u0161ama vec\u0101ku vai aizbild\u0146u piekri\u0161ana darb\u012bb\u0101m THATDAY tie\u0161saistes veikal\u0101. Ja esat jaun\u0101ks par 18 gadiem, pirms re\u0123istr\u0113\u0161an\u0101s vietn\u0113 un t\u0101s pakalpojumu izmanto\u0161anas jums ir j\u0101inform\u0113 vec\u0101ki vai aizbildnis par m\u016bsu priv\u0101tuma politiku.<\/p>\n<\/div><div class=\"fusion-title title fusion-title-5 fusion-sep-none fusion-title-text fusion-title-size-two\"><h2 class=\"fusion-title-heading title-heading-left\" style=\"margin:0;text-transform:capitalize;\">Apmaksa<\/h2><\/div><div class=\"fusion-text fusion-text-4 sm-text-align-center\" style=\"--awb-font-size:15px;--awb-text-color:#673f59;--awb-text-font-family:&quot;futura&quot;;--awb-text-font-style:normal;--awb-text-font-weight:400;\"><p>THATDAY pie\u0146em Visa, MasterCard un Paysera maks\u0101juma metodes. Ja maks\u0101jums veikts ar debetkarti vai kred\u012btkarti, klientam ir j\u0101ievada visa nepiecie\u0161am\u0101 inform\u0101cija, bet, ja dar\u012bjums notiek ar 3D Secure, j\u0101nor\u0101da ar\u012b dro\u0161\u012bbas kods. Visa inform\u0101cija tiek nos\u016bt\u012bta uz THATDAY, izmantojot SSL (Secure Socket Layer \u2014 dro\u0161ligzdu sl\u0101ni) un \u0161ifr\u0113tu savienojumu. Tas ne\u013caus nezin\u0101miem un neautoriz\u0113tiem avotiem piek\u013c\u016bt klienta inform\u0101cijai. P\u0113c transakcijas pabeig\u0161anas thatday.eu nesaglab\u0101 klienta kred\u012btkartes inform\u0101ciju. Vis\u0101s cen\u0101s ir iek\u013cauts Latvijas PVN. Thatday.eu patur ties\u012bbas jebkur\u0101 br\u012bd\u012b cenas main\u012bt. Thatday.eu cenas tiek par\u0101d\u012btas val\u016bt\u0101 Eiro (\u20ac). Thatday.eu visus pas\u016bt\u012bjumus Latvij\u0101 un \u0101rpus t\u0101s robe\u017e\u0101m izs\u016bta izmantojot Omniva vai Latvijas Pasta pieg\u0101des t\u012bklu. J\u016bras p\u0101rvad\u0101jumu laiks regul\u0101riem p\u0101rvad\u0101jumiem \u0101rpus Latvijas robe\u017e\u0101m ir 7-18 darbadienas, bet regul\u0101ro reisu laiks Latvij\u0101 ir 4-10 darbadienas. Thatday.eu neuz\u0146emas atbild\u012bbu par pas\u016bt\u012bjumu kav\u0113\u0161anos saist\u012bb\u0101 ar atmuito\u0161anas procesu \u0101rpus ES. Visi izs\u016bt\u012b\u0161anas laiki ir aptuveni. Starptautisko p\u0101rvad\u0101jumu izmaksas da\u017e\u0101dos kontinentos at\u0161\u0137iras. Prec\u012bzas nos\u016bt\u012b\u0161anas izmaksas tiek apr\u0113\u0137in\u0101tas pirms pas\u016bt\u012bjuma noform\u0113\u0161anas. Minim\u0101l\u0101 pas\u016bt\u012bjuma v\u0113rt\u012bba, lai var\u0113tu sa\u0146emt bezmaksas pieg\u0101di, ir nor\u0101d\u012bta Thatday.eu sada\u013c\u0101 Pieg\u0101de. Pas\u016btot preces \u0101rpus ES, var tikt piem\u0113rotas viet\u0113j\u0101s muitas un nodevas. \u0160\u012bs izmaksas nav iek\u013cautas THATDAY preces cen\u0101, par t\u0101m klientam ir j\u0101maks\u0101 pa\u0161am. Klientu serviss ir j\u016bsu r\u012bc\u012bb\u0101, lai atbild\u0113tu uz jebk\u0101diem jaut\u0101jumiem par hello@thatday.eu pas\u016bt\u012bjumu noform\u0113\u0161anas un izs\u016bt\u012b\u0161anas izmaks\u0101m.<\/p>\n<\/div><div class=\"fusion-title title fusion-title-6 fusion-sep-none fusion-title-text fusion-title-size-two\"><h2 class=\"fusion-title-heading title-heading-left\" style=\"margin:0;text-transform:capitalize;\">Kuponu izmanto\u0161anas nosac\u012bjumi<\/h2><\/div><div class=\"fusion-text fusion-text-5 sm-text-align-center\" style=\"--awb-font-size:15px;--awb-text-color:#673f59;--awb-text-font-family:&quot;futura&quot;;--awb-text-font-style:normal;--awb-text-font-weight:400;\"><p>Kuponu kodus iesp\u0113jams izpirkt tikai tie\u0161saist\u0113. Katrs lietot\u0101ja konts\/katra m\u0101jsaimniec\u012bba\/katra rekl\u0101mai var izpirkt tikai vienu (1) kupona kodu. Par kupona kodu iesp\u0113jams iz\u0146emt tikai atsevi\u0161\u0137as preces. Kuponu kodiem var b\u016bt piem\u0113rota minim\u0101l\u0101 preces v\u0113rt\u012bba (eiro). Kuponu kodus nevar izmantot kop\u0101 ar cit\u0101m atlaid\u0113m, kuponiem, pieg\u0101des atlaid\u0113m vai jebkuriem citiem konkursu pied\u0101v\u0101jumiem. Kuponu kodi ir j\u0101ievada pirms maks\u0101\u0161anas, lai tos var\u0113tu iek\u013caut pas\u016bt\u012bjum\u0101. Kuponu kodus nav iesp\u0113jams izmantot tad, kad pas\u016bt\u012bjums jau ir veikts. Kuponu kodiem var b\u016bt der\u012bguma termi\u0146\u0161, t\u0101d\u0101 gad\u012bjum\u0101 kupona kods zaud\u0113s savu v\u0113rt\u012bbu atbilsto\u0161i laika zonai GMT +2, neatkar\u012bgi no koda tur\u0113t\u0101ja fizisk\u0101s atra\u0161an\u0101s vietas.<\/p>\n<\/div><div class=\"fusion-title title fusion-title-7 fusion-sep-none fusion-title-text fusion-title-size-two\"><h2 class=\"fusion-title-heading title-heading-left\" style=\"margin:0;text-transform:capitalize;\">Intelektu\u0101lais \u012bpa\u0161ums<\/h2><\/div><div class=\"fusion-text fusion-text-6 sm-text-align-center\" style=\"--awb-font-size:15px;--awb-text-color:#673f59;--awb-text-font-family:&quot;futura&quot;;--awb-text-font-style:normal;--awb-text-font-weight:400;\"><p>Visas ties\u012bbas, tostarp \u012bpa\u0161uma ties\u012bbas, autorties\u012bbas un jebkur\u0161 cits intelektu\u0101lais \u012bpa\u0161aums, kas saist\u012bts ar THATDAY produktiem un pre\u010du z\u012bm\u0113m pieder THATDAY. THATDAY pre\u010du z\u012bmes un jebk\u0101da cita veida intelektu\u0101lais \u012bpa\u0161ums pieder THATDAY un\/vai THATDAY sadarb\u012bbas partneriem. Klients nedr\u012bkst main\u012bt vai no\u0146emt pazi\u0146ojumus par autorties\u012bb\u0101m, pre\u010du z\u012bm\u0113m vai jebkur\u0101m cit\u0101m intelektu\u0101l\u0101 \u012bpa\u0161uma ties\u012bb\u0101m, kas iek\u013cautas THATDAY produktos. Klients nedr\u012bkst p\u0101rdot, t\u0101l\u0101k izplat\u012bt, licenc\u0113t, iz\u012br\u0113t, iznom\u0101t, aizdot, ie\u0137\u012bl\u0101t vai jebk\u0101d\u0101 cit\u0101 veid\u0101 nodot \u0161\u012bs licences un intelektu\u0101l\u0101 \u012bpa\u0161uma izmanto\u0161anas ties\u012bbas jebkurai tre\u0161ajai personai bez iepriek\u0161\u0113jas THATDAY rakstiskas piekri\u0161anas. Ir stingri aizliegts piln\u012bb\u0101 vai da\u013c\u0113ji izmantot, pavairot, kop\u0113t, modific\u0113t, public\u0113t, p\u0101rrad\u012bt, izplat\u012bt, lejupiel\u0101d\u0113t, licenc\u0113t, ievad\u012bt datub\u0101z\u0113, rad\u012bt atvasin\u0101tus darbus, p\u0101rtais\u012bt, nodot vai p\u0101rdot jebkuru saturu, kas ieg\u016bts no THATDAY rad\u012btajiem pakalpojumiem, izmantojot tos vai to da\u013cas.<\/p>\n<\/div><div class=\"fusion-title title fusion-title-8 fusion-sep-none fusion-title-text fusion-title-size-two\"><h2 class=\"fusion-title-heading title-heading-left\" style=\"margin:0;text-transform:capitalize;\">Force Majeure<\/h2><\/div><div class=\"fusion-text fusion-text-7 sm-text-align-center\" style=\"--awb-font-size:15px;--awb-text-color:#673f59;--awb-text-font-family:&quot;futura&quot;;--awb-text-font-style:normal;--awb-text-font-weight:400;\"><p>Mums ir ties\u012bbas uz Force Majeure st\u0101vok\u013ca izsludin\u0101\u0161anu nep\u0101rvaramas varas, kara, pilso\u0146u kara, revol\u016bcijas, vald\u012bbas sankciju, streika, lokdauna, blok\u0101des, dabas katastrofas un taml\u012bdz\u012bgu gad\u012bjumu laik\u0101. Tas noz\u012bm\u0113, ka vieno\u0161an\u0101s var tikt da\u013c\u0113ji vai pat piln\u012bb\u0101 neizpild\u012bta. Ja kas t\u0101ds atgad\u012bsies, m\u0113s m\u0113\u0123in\u0101sim J\u016bs par to inform\u0113t.<\/p>\n<\/div><div class=\"fusion-title title fusion-title-9 fusion-sep-none fusion-title-text fusion-title-size-two\"><h2 class=\"fusion-title-heading title-heading-left\" style=\"margin:0;text-transform:capitalize;\">Apstiprin\u0101jums<\/h2><\/div><div class=\"fusion-text fusion-text-8 sm-text-align-center\" style=\"--awb-font-size:15px;--awb-text-color:#673f59;--awb-text-font-family:&quot;futura&quot;;--awb-text-font-style:normal;--awb-text-font-weight:400;\"><p>Apstiprinot savu pas\u016bt\u012bjumu un t\u0101d\u0101 veid\u0101 piekr\u012btot \u0161iem noteikumiem un nosac\u012bjumiem, pas\u016bt\u012bjums kalpo k\u0101 saisto\u0161s l\u012bgums. Kad b\u016bsim sa\u0146\u0113mu\u0161i J\u016bsu pas\u016bt\u012bjuma piepras\u012bjumu, j\u016bs sa\u0146emsiet autom\u0101tisku e-pasta v\u0113stuli, kas to apstiprin\u0101s. M\u0113s paturam ties\u012bbas to nepieg\u0101d\u0101t, ja pas\u016bt\u012bjuma sa\u0146em\u0161anas br\u012bd\u012b m\u016bsu kr\u0101jumu apjoms bijis nepareizs. Ja m\u0113s nevar\u0113sim veikt pieg\u0101di saska\u0146\u0101 ar nor\u0101d\u012btajiem noteikumiem pas\u016bt\u012bjuma apstiprin\u0101jum\u0101, m\u0113s sazin\u0101simies ar Jums un pied\u0101v\u0101sim jums pas\u016bt\u012bjumu atcelt. L\u016bdzu, izlasiet visus noteikumus un nosac\u012bjumus pirms jebk\u0101du pas\u016bt\u012bjumu veik\u0161anas Thatday.eu.<\/p>\n<\/div><\/div><\/div><\/div><\/div>","protected":false},"excerpt":{"rendered":"","protected":false},"author":1,"featured_media":0,"parent":0,"menu_order":0,"comment_status":"closed","ping_status":"closed","template":"100-width.php","meta":{"footnotes":""},"class_list":["post-1476","page","type-page","status-publish","hentry"],"aioseo_notices":[],"_links":{"self":[{"href":"https:\/\/thatday.eu\/lv\/wp-json\/wp\/v2\/pages\/1476","targetHints":{"allow":["GET"]}}],"collection":[{"href":"https:\/\/thatday.eu\/lv\/wp-json\/wp\/v2\/pages"}],"about":[{"href":"https:\/\/thatday.eu\/lv\/wp-json\/wp\/v2\/types\/page"}],"author":[{"embeddable":true,"href":"https:\/\/thatday.eu\/lv\/wp-json\/wp\/v2\/users\/1"}],"replies":[{"embeddable":true,"href":"https:\/\/thatday.eu\/lv\/wp-json\/wp\/v2\/comments?post=1476"}],"version-history":[{"count":0,"href":"https:\/\/thatday.eu\/lv\/wp-json\/wp\/v2\/pages\/1476\/revisions"}],"wp:attachment":[{"href":"https:\/\/thatday.eu\/lv\/wp-json\/wp\/v2\/media?parent=1476"}],"curies":[{"name":"wp","href":"https:\/\/api.w.org\/{rel}","templated":true}]}}