{"id":14923,"date":"2025-04-22T12:21:16","date_gmt":"2025-04-22T12:21:16","guid":{"rendered":"https:\/\/thatday.eu\/?post_type=product&#038;p=14923"},"modified":"2025-11-25T15:02:12","modified_gmt":"2025-11-25T15:02:12","slug":"periodboxersbundle","status":"publish","type":"product","link":"https:\/\/thatday.eu\/lv\/products\/periodboxersbundle\/","title":{"rendered":"Ella super absorb\u0113jo\u0161i menstru\u0101lie \u0161orti\u0146i + somi\u0146a"},"content":{"rendered":"<p>Ieg\u0101d\u0101jies m\u016bsu \u0113rto komplektu \u2013 \u012bpa\u0161i uzs\u016bco\u0161os <strong data-start=\"82\" data-end=\"104\">ELLA menstru\u0101ciju bokser\u0161ortus<\/strong> + eleganto <strong data-start=\"113\" data-end=\"129\">somi\u0146u ar r\u0101v\u0113jsl\u0113dz\u0113ju<\/strong>ELLA tiek gal\u0101 ar visu: menstru\u0101cij\u0101m, ur\u012bna nopl\u016bd\u0113m, izdal\u012bjumiem, sviedriem \u2013 uzs\u016bc l\u012bdz pat <em data-start=\"211\" data-end=\"226\">6 paket\u0113m ekvivalentu \u0161\u0137idruma daudzumu.<\/em>J\u016bties \u0113rti un p\u0101rliecin\u0101ti \u2013 lai kur ar <em data-start=\"268\" data-end=\"278\">\u0161aj\u0101 dien\u0101<\/em> tu non\u0101ktu.<\/p>\n<p>Valk\u0101 t\u0101s tik ilgi, kam\u0113r vien j\u016bties \u0113rti. Kad nepiecie\u0161ams nomain\u012bt, \u0146em savas rezerves biks\u012btes, bet izlietot\u0101s ievieto somi\u0146\u0101 ar r\u0101v\u0113jsl\u0113dz\u0113ju.<\/p>\n<p>Uzman\u012bbu \u2013 pirms valk\u0101\u0161anas izmazg\u0101jiet! Tas m\u012bkstin\u0101s audumu un nodro\u0161in\u0101s lab\u0101ku absorbciju. Mazg\u0101t ar rok\u0101m vai ve\u013cas ma\u0161\u012bn\u0101 l\u012bdz 40\u00b0. Iev\u0113rojiet nor\u0101d\u012bjumus uz kop\u0161anas eti\u0137etes.<\/p>\n<p>Izgatavotas no OEKO-TEX\u00ae sertific\u0113tiem audumiem;<br \/>\n\u0100r\u0113jais sast\u0101vs: 80% poliam\u012bds, 20% elast\u0101ns<br \/>\nAbsorbcijas da\u013cas sast\u0101vs: 100% poliesteris.<\/p>\n<p>L\u016bdzu, \u0146emiet v\u0113r\u0101:<\/p>\n<p>\u2022 Produkta kr\u0101sa var nedaudz at\u0161\u0137irties sakar\u0101 ar fotograf\u0113\u0161anas apgaismojumu vai J\u016bsu monitora iestat\u012bjumiem.<\/p>\n<p>\u2022 \u0160is modelis ir maz\u0101ks nek\u0101 standarta izm\u0113ri; iesak\u0101m izv\u0113l\u0113ties vienu izm\u0113ru liel\u0101ku. XS izm\u0113rs ir paredz\u0113ts pusaudz\u0113m, k\u0101 ar\u012b smalka auguma sieviet\u0113m.<\/p>","protected":false},"excerpt":{"rendered":"<p>Apraksts<\/p>","protected":false},"featured_media":15975,"comment_status":"open","ping_status":"closed","template":"","meta":[],"product_brand":[],"product_cat":[83,46,48,84],"product_tag":[],"giftcard-category":[],"class_list":{"0":"post-14923","1":"product","2":"type-product","3":"status-publish","4":"has-post-thumbnail","6":"product_cat-deal-products","7":"product_cat-heavy-flow","8":"product_cat-other","9":"product_cat-deals","11":"first","12":"instock","13":"sale","14":"taxable","15":"shipping-taxable","16":"purchasable","17":"product-type-easy_product_bundle"},"aioseo_notices":[],"_links":{"self":[{"href":"https:\/\/thatday.eu\/lv\/wp-json\/wp\/v2\/product\/14923","targetHints":{"allow":["GET"]}}],"collection":[{"href":"https:\/\/thatday.eu\/lv\/wp-json\/wp\/v2\/product"}],"about":[{"href":"https:\/\/thatday.eu\/lv\/wp-json\/wp\/v2\/types\/product"}],"replies":[{"embeddable":true,"href":"https:\/\/thatday.eu\/lv\/wp-json\/wp\/v2\/comments?post=14923"}],"wp:featuredmedia":[{"embeddable":true,"href":"https:\/\/thatday.eu\/lv\/wp-json\/wp\/v2\/media\/15975"}],"wp:attachment":[{"href":"https:\/\/thatday.eu\/lv\/wp-json\/wp\/v2\/media?parent=14923"}],"wp:term":[{"taxonomy":"product_brand","embeddable":true,"href":"https:\/\/thatday.eu\/lv\/wp-json\/wp\/v2\/product_brand?post=14923"},{"taxonomy":"product_cat","embeddable":true,"href":"https:\/\/thatday.eu\/lv\/wp-json\/wp\/v2\/product_cat?post=14923"},{"taxonomy":"product_tag","embeddable":true,"href":"https:\/\/thatday.eu\/lv\/wp-json\/wp\/v2\/product_tag?post=14923"},{"taxonomy":"giftcard-category","embeddable":true,"href":"https:\/\/thatday.eu\/lv\/wp-json\/wp\/v2\/giftcard-category?post=14923"}],"curies":[{"name":"wp","href":"https:\/\/api.w.org\/{rel}","templated":true}]}}