{"id":15972,"date":"2025-11-03T09:56:08","date_gmt":"2025-11-03T09:56:08","guid":{"rendered":"https:\/\/thatday.eu\/?post_type=product&#038;p=15972"},"modified":"2026-04-15T11:40:37","modified_gmt":"2026-04-15T11:40:37","slug":"period-proof-thong-bundle-deal","status":"publish","type":"product","link":"https:\/\/thatday.eu\/lv\/products\/period-proof-thong-bundle-deal\/","title":{"rendered":"Menstru\u0101lo stringu komplekts"},"content":{"rendered":"<p data-start=\"243\" data-end=\"449\">J\u016bties p\u0101rliecin\u0101ti katru dienu ar m\u016bsu THATDAY menstru\u0101ciju stringu komplektu. \u0160aj\u0101 komplekt\u0101 ietilpst <strong data-start=\"330\" data-end=\"372\">divas pamata kr\u0101sas \u2013 b\u0113\u0161a un melna,<\/strong>kas lieliski sader ar jebkuru ap\u0123\u0113rbu, vienlaikus nodro\u0161inot aizsardz\u012bbu un komfortu.<\/p>\n<p data-start=\"451\" data-end=\"656\">Katra biks\u012b\u0161u p\u0101ra audums absorb\u0113 visus \u0161\u0137idrumu veidus: menstru\u0101lo \u0161\u0137idrumu, ur\u012bna nopl\u016bdes, maksts izdal\u012bjumus, sviedrus un citus dabiskos \u0161\u0137idrumus. Ar THATDAY tu jut\u012bsies <strong data-start=\"599\" data-end=\"635\">svaigi, dro\u0161i un p\u0101rliecin\u0101ti<\/strong> ikvien\u0101 dien\u0101.<\/p>\n<p data-start=\"658\" data-end=\"771\"><strong data-start=\"658\" data-end=\"671\">\u012apa\u0161\u012bbas:<\/strong><br data-start=\"671\" data-end=\"674\" \/>\u2022 elpojo\u0161as;<br data-start=\"686\" data-end=\"689\" \/>\u2022 hipoaler\u0123iskas;<br data-start=\"705\" data-end=\"708\" \/>\u2022 higi\u0113niskas;<br data-start=\"718\" data-end=\"721\" \/>\u2022 videi draudz\u012bgas;<br data-start=\"735\" data-end=\"738\" \/>\u2022 vienk\u0101r\u0161s, funkcion\u0101ls un \u0113rts dizains<\/p>\n<p>Izgatavotas no OEKO-TEX\u00ae sertific\u0113tiem audumiem;<\/p>\n<p>L\u016bdzu, \u0146emiet v\u0113r\u0101:<\/p>\n<p>\u2022 Produkta kr\u0101sa var nedaudz at\u0161\u0137irties sakar\u0101 ar fotograf\u0113\u0161anas apgaismojumu vai J\u016bsu monitora iestat\u012bjumiem.<\/p>\n<p>\u2022 \u0160is modelis ir maz\u0101ks nek\u0101 standarta izm\u0113ri; iesak\u0101m izv\u0113l\u0113ties vienu izm\u0113ru liel\u0101ku. XS izm\u0113rs ir paredz\u0113ts pusaudz\u0113m, k\u0101 ar\u012b smalka auguma sieviet\u0113m.<\/p>","protected":false},"excerpt":{"rendered":"<p>Apraksts<\/p>","protected":false},"featured_media":16106,"comment_status":"open","ping_status":"closed","template":"","meta":[],"product_brand":[],"product_cat":[83,67,48,84],"product_tag":[],"giftcard-category":[],"class_list":{"0":"post-15972","1":"product","2":"type-product","3":"status-publish","4":"has-post-thumbnail","6":"product_cat-deal-products","7":"product_cat-light-flow","8":"product_cat-other","9":"product_cat-deals","11":"first","12":"instock","13":"sale","14":"taxable","15":"shipping-taxable","16":"purchasable","17":"product-type-easy_product_bundle"},"aioseo_notices":[],"_links":{"self":[{"href":"https:\/\/thatday.eu\/lv\/wp-json\/wp\/v2\/product\/15972","targetHints":{"allow":["GET"]}}],"collection":[{"href":"https:\/\/thatday.eu\/lv\/wp-json\/wp\/v2\/product"}],"about":[{"href":"https:\/\/thatday.eu\/lv\/wp-json\/wp\/v2\/types\/product"}],"replies":[{"embeddable":true,"href":"https:\/\/thatday.eu\/lv\/wp-json\/wp\/v2\/comments?post=15972"}],"wp:featuredmedia":[{"embeddable":true,"href":"https:\/\/thatday.eu\/lv\/wp-json\/wp\/v2\/media\/16106"}],"wp:attachment":[{"href":"https:\/\/thatday.eu\/lv\/wp-json\/wp\/v2\/media?parent=15972"}],"wp:term":[{"taxonomy":"product_brand","embeddable":true,"href":"https:\/\/thatday.eu\/lv\/wp-json\/wp\/v2\/product_brand?post=15972"},{"taxonomy":"product_cat","embeddable":true,"href":"https:\/\/thatday.eu\/lv\/wp-json\/wp\/v2\/product_cat?post=15972"},{"taxonomy":"product_tag","embeddable":true,"href":"https:\/\/thatday.eu\/lv\/wp-json\/wp\/v2\/product_tag?post=15972"},{"taxonomy":"giftcard-category","embeddable":true,"href":"https:\/\/thatday.eu\/lv\/wp-json\/wp\/v2\/giftcard-category?post=15972"}],"curies":[{"name":"wp","href":"https:\/\/api.w.org\/{rel}","templated":true}]}}