{"id":1615,"date":"2022-11-23T17:44:32","date_gmt":"2022-11-23T17:44:32","guid":{"rendered":"https:\/\/thatday.eu\/?post_type=product&#038;p=1615"},"modified":"2026-04-03T13:47:57","modified_gmt":"2026-04-03T13:47:57","slug":"bra-with-wide-shoulder-straps","status":"publish","type":"product","link":"https:\/\/thatday.eu\/lv\/products\/bra-with-wide-shoulder-straps\/","title":{"rendered":"Kr\u016b\u0161turis ar plat\u0101m plecu lenc\u0113m"},"content":{"rendered":"<p class=\"p1\">N\u0113s\u0101 ik dienu!<\/p>\n<p class=\"p1\">THATDAY bezv\u012b\u013cu kr\u016b\u0161turis ir \u013coti \u0113rts, m\u012bksts un lieliski piegu\u013c \u0137ermenim. Nepolster\u0113ta kr\u016b\u0161u da\u013ca ar gaum\u012bgu dizainu un dzi\u013cu kakla l\u012bniju priek\u0161pus\u0113 un aizmugur\u0113. Valk\u0101jot Tu to tikpat k\u0101 nejut\u012bsi!<\/p>\n<p>elast\u012bga josla zem kr\u016bt\u012bm<br \/>\nplatas plecu siksnas;<br \/>\npiem\u0113rots ikdienai;<br \/>\n\u0113rts un maigs \u0101dai;<br \/>\npiem\u0113rots kr\u016bt\u012bm no 0 l\u012bdz 6 izm\u0113riem (kausi\u0146i AA, A, B, C, D, E, F).<\/p>\n<p class=\"p3\"><div class=\"container theme1\" style=\"width:100%; height:auto\"><ul class=\"responsive-accordion responsive-accordion-default bm-larger\"><li><div class=\"responsive-accordion-head\" style=\"background-color:\"><span style=\"color:;font-size:15px\">Sast\u0101vs<\/span><i class=\"fa fa-chevron-down responsive-accordion-plus fa-fw\"><\/i><i class=\"fa fa-chevron-up responsive-accordion-minus fa-fw\"><\/i><\/div><div class=\"responsive-accordion-panel\"style=\"background-color:;padding:12px;color:;font-size:14px\"><p>Sast\u0101vs: 80% poliam\u012bds, 20% elast\u0101ns.<\/p>\n<\/div><\/li><li><div class=\"responsive-accordion-head\" style=\"background-color:\"><span style=\"color:;font-size:15px\"> Lieto\u0161ana &amp; kop\u0161ana <\/span><i class=\"fa fa-chevron-down responsive-accordion-plus fa-fw\"><\/i><i class=\"fa fa-chevron-up responsive-accordion-minus fa-fw\"><\/i><\/div><div class=\"responsive-accordion-panel\"style=\"background-color:;padding:12px;color:;font-size:14px\"><p>Mazg\u0101t ar rok\u0101m vai ve\u013cas ma\u0161\u012bn\u0101 40\u00b0 temperat\u016br\u0101. Iev\u0113rojiet nor\u0101d\u012bjumus uz kop\u0161anas eti\u0137etes.<\/p>\n<p>Uzman\u012bbu \u2013 THATDAY kr\u016b\u0161turis \u013coti labi pastiepjas. Var pastiepties par 2-4 cm, s\u0101kot no izm\u0113ra \u201cXS\u201d. Ieteicams pirms valk\u0101\u0161anas izmazg\u0101t!<\/p>\n<\/div><\/li><li><div class=\"responsive-accordion-head\" style=\"background-color:\"><span style=\"color:;font-size:15px\">Pieg\u0101de, atgrie\u0161ana un mai\u0146a<\/span><i class=\"fa fa-chevron-down responsive-accordion-plus fa-fw\"><\/i><i class=\"fa fa-chevron-up responsive-accordion-minus fa-fw\"><\/i><\/div><div class=\"responsive-accordion-panel\"style=\"background-color:;padding:12px;color:;font-size:14px\"><p>Pieg\u0101d\u0101jam vis\u0101 pasaul\u0113!<\/p>\n<p>Pas\u016bt\u012bjumi parasti tiek apstr\u0101d\u0101ti un nos\u016bt\u012bti 1-5 darba dienu laik\u0101 (no pirmdienas l\u012bdz piektdienai). Kad j\u016bsu s\u016bt\u012bjums b\u016bs nos\u016bt\u012bts, j\u016bs sa\u0146emsit apstiprin\u0101juma e-pastu ar izseko\u0161anas inform\u0101ciju.<\/p>\n<p>M\u0113s pie\u0161\u0137irsim preces v\u0113rt\u012bbas vau\u010deru, atmaks\u0101sim samaks\u0101to naudas summu vai samain\u012bsim produktu 14 dienu laik\u0101 p\u0113c t\u0101 sa\u0146em\u0161anas, ar nosac\u012bjumu, ka produkts ir ide\u0101l\u0101 st\u0101vokl\u012b, nen\u0113s\u0101ts un ar vis\u0101m pievienotaj\u0101m pre\u010du birk\u0101m.<\/p>\n<\/div><\/li><li><div class=\"responsive-accordion-head\" style=\"background-color:\"><span style=\"color:;font-size:15px\">40 dienu izm\u0113\u0123in\u0101jums<\/span><i class=\"fa fa-chevron-down responsive-accordion-plus fa-fw\"><\/i><i class=\"fa fa-chevron-up responsive-accordion-minus fa-fw\"><\/i><\/div><div class=\"responsive-accordion-panel\"style=\"background-color:;padding:12px;color:;font-size:14px\"><p><a href=\"\/lv\/40-day-risk-free-trial\/\"><img loading=\"lazy\" decoding=\"async\" class=\"alignnone size-full wp-image-12234\" src=\"https:\/\/thatday.eu\/wp-content\/uploads\/2024\/04\/logo.webp\" alt=\"\" width=\"233\" height=\"236\" srcset=\"https:\/\/thatday.eu\/wp-content\/uploads\/2024\/04\/logo-12x12.webp 12w, https:\/\/thatday.eu\/wp-content\/uploads\/2024\/04\/logo-66x66.webp 66w, https:\/\/thatday.eu\/wp-content\/uploads\/2024\/04\/logo-200x203.webp 200w, https:\/\/thatday.eu\/wp-content\/uploads\/2024\/04\/logo.webp 233w\" sizes=\"auto, (max-width: 233px) 100vw, 233px\" \/><\/a><\/p>\n<p>Jauna produkta ieg\u0101de bie\u017ei vien var rad\u012bt uztraukumu. M\u0113s zin\u0101m, ka THATDAY menstru\u0101l\u0101s biks\u012btes ir lieliskas, un esam p\u0101rliecin\u0101ti par to efektivit\u0101ti, ta\u010du m\u0113s v\u0113lamies, lai ar\u012b J\u016bs justos dro\u0161i, veicot pirmo pirkumu. T\u0101p\u0113c, ja jebk\u0101da iemesla d\u0113\u013c neesat apmierin\u0101ts ar produktu, 40 dienu laik\u0101 p\u0113c t\u0101 sa\u0146em\u0161anas varat atgriezt pas\u016bt\u012bjumu un sa\u0146emt pilnu naudas atmaksu (neietverot pieg\u0101des izmaksas). Uzziniet vair\u0101k par 40 dienu bezriska izm\u0113\u0123in\u0101juma nosac\u012bjumiem, noklik\u0161\u0137inot uz att\u0113la.<\/p>\n<p>* Lai sa\u0146emtu atmaksu, no pas\u016bt\u012bjuma var izm\u0113\u0123in\u0101t\u00a0<strong>tikai vienu biks\u012b\u0161u p\u0101ri.<\/strong><br \/>\n** 40 dienu izm\u0113\u0123in\u0101juma periods neattiecas, ja p\u0113c lieto\u0161anas izm\u0113rs izr\u0101d\u0101s par mazu. J\u016bs vienm\u0113r varat piepras\u012bt izm\u0113ra vai mode\u013ca mai\u0146u pirms lieto\u0161anas 14 dienu laik\u0101 p\u0113c preces sa\u0146em\u0161anas.<\/p>\n<\/div><\/li><\/ul><\/div><\/p>\n<p>Produkta kr\u0101sa var nedaudz at\u0161\u0137irties, jo fotograf\u0113\u0161anas laik\u0101 tika izmantoti da\u017e\u0101di gaismas iestat\u012bjumi un fotogr\u0101fijas v\u0113l\u0101k tika apstr\u0101d\u0101tas.<\/p>","protected":false},"excerpt":{"rendered":"<p class=\"p1\">N\u0113s\u0101 ik dienu!<\/p>\n<p class=\"p1\">THATDAY bezv\u012b\u013cu kr\u016b\u0161turis ir \u013coti \u0113rts, m\u012bksts un lieliski piegu\u013c \u0137ermenim. Nepolster\u0113ta kr\u016b\u0161u da\u013ca ar gaum\u012bgu dizainu un dzi\u013cu kakla l\u012bniju priek\u0161pus\u0113 un aizmugur\u0113. Valk\u0101jot Tu to tikpat k\u0101 nejut\u012bsi!<\/p>\n<p>&nbsp;<\/p>\n<p class=\"p3\">elast\u012bga josla zem kr\u016bt\u012bm<\/p>\n<p class=\"p3\">platas plecu siksnas;<\/p>\n<p class=\"p1\">piem\u0113rots ikdienai;<\/p>\n<p class=\"p3\">\u0113rts un maigs \u0101dai;<\/p>\n<p class=\"p3\">piem\u0113rots kr\u016bt\u012bm no 0 l\u012bdz 6 izm\u0113riem (kausi\u0146i AA, A, B, C, D, E, F).<\/p>\n<p>&nbsp;<\/p>\n<p class=\"p1\">Attention \u2013 THATDAY bras stretches well. Can be added to sizes + 2-4 cm from size &#8220;XS&#8221; onwards. Wash before wearing!<\/p>\n<p>&nbsp;<\/p>\n<p class=\"p3\">Sast\u0101vs: 80% poliam\u012bds, 20% elast\u0101ns.<\/p>\n<p>&nbsp;<\/p>\n<p data-mce-fragment=\"1\"><a href=\"https:\/\/thatday.eu\/lv\/40-day-risk-free-trial\/\"><img loading=\"lazy\" decoding=\"async\" class=\"alignnone size-thumbnail wp-image-6780\" src=\"https:\/\/thatday.eu\/wp-content\/uploads\/2021\/12\/thatday_logo_png-3-1-150x150.png\" alt=\"\" width=\"150\" height=\"150\" data-mce-fragment=\"1\" \/>\u200b<\/a><\/p>\n<p>Produkta kr\u0101sa var nedaudz at\u0161\u0137irties, jo fotograf\u0113\u0161anas laik\u0101 tika izmantoti da\u017e\u0101di gaismas iestat\u012bjumi un fotogr\u0101fijas v\u0113l\u0101k tika apstr\u0101d\u0101tas.<\/p>","protected":false},"featured_media":1637,"comment_status":"open","ping_status":"closed","template":"","meta":[],"product_brand":[],"product_cat":[83,72,48,84],"product_tag":[],"giftcard-category":[],"class_list":{"0":"post-1615","1":"product","2":"type-product","3":"status-publish","4":"has-post-thumbnail","6":"product_cat-deal-products","7":"product_cat-best-sellers","8":"product_cat-other","9":"product_cat-deals","10":"pa_color-bordo","11":"pa_color-green","12":"pa_color-snowcat","14":"first","15":"instock","16":"sale","17":"taxable","18":"shipping-taxable","19":"purchasable","20":"product-type-variable","21":"has-default-attributes"},"aioseo_notices":[],"_links":{"self":[{"href":"https:\/\/thatday.eu\/lv\/wp-json\/wp\/v2\/product\/1615","targetHints":{"allow":["GET"]}}],"collection":[{"href":"https:\/\/thatday.eu\/lv\/wp-json\/wp\/v2\/product"}],"about":[{"href":"https:\/\/thatday.eu\/lv\/wp-json\/wp\/v2\/types\/product"}],"replies":[{"embeddable":true,"href":"https:\/\/thatday.eu\/lv\/wp-json\/wp\/v2\/comments?post=1615"}],"wp:featuredmedia":[{"embeddable":true,"href":"https:\/\/thatday.eu\/lv\/wp-json\/wp\/v2\/media\/1637"}],"wp:attachment":[{"href":"https:\/\/thatday.eu\/lv\/wp-json\/wp\/v2\/media?parent=1615"}],"wp:term":[{"taxonomy":"product_brand","embeddable":true,"href":"https:\/\/thatday.eu\/lv\/wp-json\/wp\/v2\/product_brand?post=1615"},{"taxonomy":"product_cat","embeddable":true,"href":"https:\/\/thatday.eu\/lv\/wp-json\/wp\/v2\/product_cat?post=1615"},{"taxonomy":"product_tag","embeddable":true,"href":"https:\/\/thatday.eu\/lv\/wp-json\/wp\/v2\/product_tag?post=1615"},{"taxonomy":"giftcard-category","embeddable":true,"href":"https:\/\/thatday.eu\/lv\/wp-json\/wp\/v2\/giftcard-category?post=1615"}],"curies":[{"name":"wp","href":"https:\/\/api.w.org\/{rel}","templated":true}]}}