{"id":16151,"date":"2025-11-22T19:27:16","date_gmt":"2025-11-22T19:27:16","guid":{"rendered":"https:\/\/thatday.eu\/?post_type=product&#038;p=16151"},"modified":"2026-02-07T08:44:23","modified_gmt":"2026-02-07T08:44:23","slug":"3-panties-bundle-deal-15-off","status":"publish","type":"product","link":"https:\/\/thatday.eu\/lv\/products\/3-panties-bundle-deal-15-off\/","title":{"rendered":"Period Proof Panties Bundle Deal buy 3 -15% OFF"},"content":{"rendered":"<p><b>Ierobe\u017eota laika pied\u0101v\u0101jums<\/b><\/p>\n<h3><b>Komplekt\u0101 ietilpst (izv\u0113lies savus favor\u012btus):<\/b><\/h3>\n<ul>\n<li><b>1x menstru\u0101ciju stringi<\/b><span style=\"font-weight: 400;\"> (vieglaj\u0101m cikla dien\u0101m)<\/span><\/li>\n<li style=\"font-weight: 400;\" aria-level=\"1\"><b>1x KATRINA<\/b><span style=\"font-weight: 400;\"> (ikdienas menstru\u0101ciju biks\u012btes)<\/span><\/li>\n<li style=\"font-weight: 400;\" aria-level=\"1\"><b>1x LOLA<\/b><span style=\"font-weight: 400;\"> (vid\u0113ji sp\u0113c\u012bg\u0101m vai stipr\u0101m m\u0113ne\u0161reiz\u0113m)<\/span><\/li>\n<\/ul>\n<p><span style=\"font-weight: 400;\">Kombin\u0113 kr\u0101sas un izm\u0113rus, un izveido savu ide\u0101lo cikla komplektu.\u00a0<\/span><\/p>\n<p><span style=\"font-weight: 400;\">Katra biks\u012b\u0161u p\u0101ra audums absorb\u0113 visus \u0161\u0137idrumu veidus: menstru\u0101lo \u0161\u0137idrumu, ur\u012bna nopl\u016bdes, maksts izdal\u012bjumus, sviedrus un citus dabiskos \u0161\u0137idrumus. Ar THATDAY tu jut\u012bsies svaigi, dro\u0161i un p\u0101rliecin\u0101ti ikvien\u0101 dien\u0101.<\/span><\/p>\n<p><span style=\"font-weight: 400;\">\u012apa\u0161\u012bbas:<\/span><span style=\"font-weight: 400;\"><br \/>\n<\/span><span style=\"font-weight: 400;\"> \u2022 elpojo\u0161as;<\/span><span style=\"font-weight: 400;\"><br \/>\n<\/span><span style=\"font-weight: 400;\"> \u2022 hipoaler\u0123iskas;<\/span><span style=\"font-weight: 400;\"><br \/>\n<\/span><span style=\"font-weight: 400;\"> \u2022 higi\u0113niskas;<\/span><span style=\"font-weight: 400;\"><br \/>\n<\/span><span style=\"font-weight: 400;\"> \u2022 videi draudz\u012bgas;<\/span><span style=\"font-weight: 400;\"><br \/>\n<\/span><span style=\"font-weight: 400;\"> \u2022 vienk\u0101r\u0161s, funkcion\u0101ls un \u0113rts dizains.<\/span><\/p>\n<p><span style=\"font-weight: 400;\">Izgatavotas no OEKO-TEX\u00ae sertific\u0113tiem audumiem.<\/span><\/p>\n<p>L\u016bdzu, \u0146emiet v\u0113r\u0101:<\/p>\n<p>\u2022 Produkta kr\u0101sa var nedaudz at\u0161\u0137irties sakar\u0101 ar fotograf\u0113\u0161anas apgaismojumu vai J\u016bsu monitora iestat\u012bjumiem.<\/p>\n<p>\u2022 \u0160is modelis ir maz\u0101ks nek\u0101 standarta izm\u0113ri; iesak\u0101m izv\u0113l\u0113ties vienu izm\u0113ru liel\u0101ku. XS izm\u0113rs ir paredz\u0113ts pusaudz\u0113m, k\u0101 ar\u012b smalka auguma sieviet\u0113m.<\/p>","protected":false},"excerpt":{"rendered":"<p>Apraksts<\/p>","protected":false},"featured_media":16153,"comment_status":"open","ping_status":"closed","template":"","meta":[],"product_brand":[],"product_cat":[83,48,84],"product_tag":[],"giftcard-category":[],"class_list":{"0":"post-16151","1":"product","2":"type-product","3":"status-publish","4":"has-post-thumbnail","6":"product_cat-deal-products","7":"product_cat-other","8":"product_cat-deals","10":"first","11":"instock","12":"taxable","13":"shipping-taxable","14":"purchasable","15":"product-type-easy_product_bundle"},"aioseo_notices":[],"_links":{"self":[{"href":"https:\/\/thatday.eu\/lv\/wp-json\/wp\/v2\/product\/16151","targetHints":{"allow":["GET"]}}],"collection":[{"href":"https:\/\/thatday.eu\/lv\/wp-json\/wp\/v2\/product"}],"about":[{"href":"https:\/\/thatday.eu\/lv\/wp-json\/wp\/v2\/types\/product"}],"replies":[{"embeddable":true,"href":"https:\/\/thatday.eu\/lv\/wp-json\/wp\/v2\/comments?post=16151"}],"wp:featuredmedia":[{"embeddable":true,"href":"https:\/\/thatday.eu\/lv\/wp-json\/wp\/v2\/media\/16153"}],"wp:attachment":[{"href":"https:\/\/thatday.eu\/lv\/wp-json\/wp\/v2\/media?parent=16151"}],"wp:term":[{"taxonomy":"product_brand","embeddable":true,"href":"https:\/\/thatday.eu\/lv\/wp-json\/wp\/v2\/product_brand?post=16151"},{"taxonomy":"product_cat","embeddable":true,"href":"https:\/\/thatday.eu\/lv\/wp-json\/wp\/v2\/product_cat?post=16151"},{"taxonomy":"product_tag","embeddable":true,"href":"https:\/\/thatday.eu\/lv\/wp-json\/wp\/v2\/product_tag?post=16151"},{"taxonomy":"giftcard-category","embeddable":true,"href":"https:\/\/thatday.eu\/lv\/wp-json\/wp\/v2\/giftcard-category?post=16151"}],"curies":[{"name":"wp","href":"https:\/\/api.w.org\/{rel}","templated":true}]}}