{"id":1762,"date":"2022-11-23T17:30:28","date_gmt":"2022-11-23T17:30:28","guid":{"rendered":"https:\/\/thatday.eu\/?post_type=product&#038;p=1762"},"modified":"2026-04-03T10:17:04","modified_gmt":"2026-04-03T10:17:04","slug":"zipper-pouch","status":"publish","type":"product","link":"https:\/\/thatday.eu\/lv\/products\/zipper-pouch\/","title":{"rendered":"Somi\u0146a ar r\u0101v\u0113jsl\u0113dz\u0113ju"},"content":{"rendered":"<p class=\"p1\">Nomaini savas THATDAY biks\u012btes, lai ar\u012b kur Tu atrastos!<\/p>\n<p class=\"p1\">\u016adensiztur\u012bga somi\u0146a \u2013 ide\u0101li piem\u0113rota, lai uzglab\u0101tu THATDAY mai\u0146as biks\u012btes un p\u0101rnestu m\u0101j\u0101s izlietot\u0101s, l\u012bdz t\u0101s var\u0113s izmazg\u0101t.<\/p>\n<p class=\"p4\">\u2022 ap\u013ca formas dizains;<\/p>\n<p class=\"p4\">\u2022lielisks risin\u0101jums THATDAY mai\u0146as biks\u012b\u0161u uzglab\u0101\u0161anai,<\/p>\n<p class=\"p4\">\u2022 r\u0101v\u0113jsl\u0113dz\u0113js, lai nodro\u0161in\u0101tu dro\u0161\u012bbu un komfortu.<\/p>\n<p class=\"p4\"><div class=\"container theme1\" style=\"width:100%; height:auto\"><ul class=\"responsive-accordion responsive-accordion-default bm-larger\"><li><div class=\"responsive-accordion-head\" style=\"background-color:\"><span style=\"color:;font-size:15px\">Izm\u0113ri<\/span><i class=\"fa fa-chevron-down responsive-accordion-plus fa-fw\"><\/i><i class=\"fa fa-chevron-up responsive-accordion-minus fa-fw\"><\/i><\/div><div class=\"responsive-accordion-panel\"style=\"background-color:;padding:12px;color:;font-size:14px\"><p>Diametrs 13,5x5cm<\/p>\n<\/div><\/li><li><div class=\"responsive-accordion-head\" style=\"background-color:\"><span style=\"color:;font-size:15px\">Sast\u0101vs<\/span><i class=\"fa fa-chevron-down responsive-accordion-plus fa-fw\"><\/i><i class=\"fa fa-chevron-up responsive-accordion-minus fa-fw\"><\/i><\/div><div class=\"responsive-accordion-panel\"style=\"background-color:;padding:12px;color:;font-size:14px\"><p>100% neilons<\/p>\n<\/div><\/li><\/ul><\/div><\/p>\n<p>Produkta kr\u0101sa var nedaudz at\u0161\u0137irties, jo fotograf\u0113\u0161anas laik\u0101 tika izmantoti da\u017e\u0101di gaismas iestat\u012bjumi un fotogr\u0101fijas v\u0113l\u0101k tika apstr\u0101d\u0101tas.<\/p>","protected":false},"excerpt":{"rendered":"<p class=\"p1\">Nomaini savas THATDAY biks\u012btes, lai ar\u012b kur Tu atrastos!<\/p>\n<p class=\"p1\">\u016adensiztur\u012bga somi\u0146a \u2013 ide\u0101li piem\u0113rota, lai uzglab\u0101tu THATDAY mai\u0146as biks\u012btes un p\u0101rnestu m\u0101j\u0101s izlietot\u0101s, l\u012bdz t\u0101s var\u0113s izmazg\u0101t.<\/p>\n<p>&nbsp;<\/p>\n<p class=\"p4\">\u2022 ap\u013ca formas dizains;<\/p>\n<p class=\"p4\">\u2022lielisks risin\u0101jums THATDAY mai\u0146as biks\u012b\u0161u uzglab\u0101\u0161anai,<\/p>\n<p class=\"p4\">\u2022 r\u0101v\u0113jsl\u0113dz\u0113js, lai nodro\u0161in\u0101tu dro\u0161\u012bbu un komfortu.<\/p>\n<p>&nbsp;<\/p>\n<p class=\"p5\">Izm\u0113ri: Diametrs 13,5 cm<\/p>\n<p class=\"p1\">Sast\u0101vs: 100% neilons.<\/p>\n<p>&nbsp;<\/p>","protected":false},"featured_media":11598,"comment_status":"open","ping_status":"closed","template":"","meta":[],"product_brand":[],"product_cat":[83,48],"product_tag":[],"giftcard-category":[],"class_list":{"0":"post-1762","1":"product","2":"type-product","3":"status-publish","4":"has-post-thumbnail","6":"product_cat-deal-products","7":"product_cat-other","8":"pa_color-black","10":"first","11":"instock","12":"taxable","13":"shipping-taxable","14":"purchasable","15":"product-type-variable","16":"has-default-attributes"},"aioseo_notices":[],"_links":{"self":[{"href":"https:\/\/thatday.eu\/lv\/wp-json\/wp\/v2\/product\/1762","targetHints":{"allow":["GET"]}}],"collection":[{"href":"https:\/\/thatday.eu\/lv\/wp-json\/wp\/v2\/product"}],"about":[{"href":"https:\/\/thatday.eu\/lv\/wp-json\/wp\/v2\/types\/product"}],"replies":[{"embeddable":true,"href":"https:\/\/thatday.eu\/lv\/wp-json\/wp\/v2\/comments?post=1762"}],"wp:featuredmedia":[{"embeddable":true,"href":"https:\/\/thatday.eu\/lv\/wp-json\/wp\/v2\/media\/11598"}],"wp:attachment":[{"href":"https:\/\/thatday.eu\/lv\/wp-json\/wp\/v2\/media?parent=1762"}],"wp:term":[{"taxonomy":"product_brand","embeddable":true,"href":"https:\/\/thatday.eu\/lv\/wp-json\/wp\/v2\/product_brand?post=1762"},{"taxonomy":"product_cat","embeddable":true,"href":"https:\/\/thatday.eu\/lv\/wp-json\/wp\/v2\/product_cat?post=1762"},{"taxonomy":"product_tag","embeddable":true,"href":"https:\/\/thatday.eu\/lv\/wp-json\/wp\/v2\/product_tag?post=1762"},{"taxonomy":"giftcard-category","embeddable":true,"href":"https:\/\/thatday.eu\/lv\/wp-json\/wp\/v2\/giftcard-category?post=1762"}],"curies":[{"name":"wp","href":"https:\/\/api.w.org\/{rel}","templated":true}]}}