{"id":1975,"date":"2022-11-24T09:34:24","date_gmt":"2022-11-24T09:34:24","guid":{"rendered":"https:\/\/thatday.eu\/?post_type=product&#038;p=1975"},"modified":"2026-03-27T05:22:59","modified_gmt":"2026-03-27T05:22:59","slug":"ella-super-absorbent-period-boxers","status":"publish","type":"product","link":"https:\/\/thatday.eu\/lv\/products\/ella-super-absorbent-period-boxers\/","title":{"rendered":"ELLA super absorb\u0113jo\u0161i menstru\u0101lie \u0161orti\u0146i"},"content":{"rendered":"<p>With THATDAY you will feel worry-free and comfortable. This period proof boxers is a perfect choice even under the most fitting clothes.<\/p>\n<p>\u2022 elpojo\u0161as;<br \/>\n\u2022 hipoaler\u0123iskas;<br \/>\n\u2022 higi\u0113niskas;<br \/>\n\u2022 videi draudz\u012bgas;<br \/>\n\u2022 vienk\u0101r\u0161s, funkcion\u0101ls un \u0113rts dizains<\/p>\n<div class=\"container theme1\" style=\"width:100%; height:auto\"><ul class=\"responsive-accordion responsive-accordion-default bm-larger\"><li><div class=\"responsive-accordion-head\" style=\"background-color:\"><span style=\"color:;font-size:15px\">Uzs\u016bktsp\u0113ja<\/span><i class=\"fa fa-chevron-down responsive-accordion-plus fa-fw\"><\/i><i class=\"fa fa-chevron-up responsive-accordion-minus fa-fw\"><\/i><\/div><div class=\"responsive-accordion-panel\"style=\"background-color:;padding:12px;color:;font-size:14px\"><p>THATDAY menstru\u0101l\u0101s biks\u012btes absorb\u0113 visus \u0161\u0137idruma veidus: menstru\u0101l\u0101s asinis, ur\u012bna izdal\u012bjumus, maksts sekr\u0113cijas, sviedrus un citus dab\u012bgos \u0161\u0137idrumus l\u012bdz pat 6 tamponu\/ielikte\u0146u ietilp\u012bbai.<\/p>\n<\/div><\/li><li><div class=\"responsive-accordion-head\" style=\"background-color:\"><span style=\"color:;font-size:15px\">Lieto\u0161ana &amp; kop\u0161ana<\/span><i class=\"fa fa-chevron-down responsive-accordion-plus fa-fw\"><\/i><i class=\"fa fa-chevron-up responsive-accordion-minus fa-fw\"><\/i><\/div><div class=\"responsive-accordion-panel\"style=\"background-color:;padding:12px;color:;font-size:14px\"><p>Valk\u0101 t\u0101s tik ilgi, kam\u0113r vien j\u016bties \u0113rti. Kad nepiecie\u0161ams nomain\u012bt, \u0146em savas rezerves biks\u012btes, bet izlietot\u0101s ievieto somi\u0146\u0101 ar r\u0101v\u0113jsl\u0113dz\u0113ju.<\/p>\n<p>Uzman\u012bbu \u2013 pirms valk\u0101\u0161anas izmazg\u0101jiet! Tas m\u012bkstin\u0101s audumu un nodro\u0161in\u0101s lab\u0101ku absorbciju. Mazg\u0101t ar rok\u0101m vai ve\u013cas ma\u0161\u012bn\u0101 l\u012bdz 40\u00b0. Iev\u0113rojiet nor\u0101d\u012bjumus uz kop\u0161anas eti\u0137etes.<\/p>\n<p>&nbsp;<\/p>\n<\/div><\/li><li><div class=\"responsive-accordion-head\" style=\"background-color:\"><span style=\"color:;font-size:15px\">Sast\u0101vs<\/span><i class=\"fa fa-chevron-down responsive-accordion-plus fa-fw\"><\/i><i class=\"fa fa-chevron-up responsive-accordion-minus fa-fw\"><\/i><\/div><div class=\"responsive-accordion-panel\"style=\"background-color:;padding:12px;color:;font-size:14px\"><p>Izgatavotas no OEKO-TEX\u00ae sertific\u0113tiem audumiem;<br \/>\n\u0100r\u0113jais sast\u0101vs: 80% poliam\u012bds, 20% elast\u0101ns<br \/>\nAbsorbcijas da\u013cas sast\u0101vs: 100% poliesteris.<\/p>\n<\/div><\/li><li><div class=\"responsive-accordion-head\" style=\"background-color:\"><span style=\"color:;font-size:15px\">40 dienu izm\u0113\u0123in\u0101jums<\/span><i class=\"fa fa-chevron-down responsive-accordion-plus fa-fw\"><\/i><i class=\"fa fa-chevron-up responsive-accordion-minus fa-fw\"><\/i><\/div><div class=\"responsive-accordion-panel\"style=\"background-color:;padding:12px;color:;font-size:14px\"><p><a href=\"\/lv\/40-day-risk-free-trial\/\"><img loading=\"lazy\" decoding=\"async\" class=\"alignnone size-full wp-image-12234\" src=\"https:\/\/thatday.eu\/wp-content\/uploads\/2024\/04\/logo.webp\" alt=\"\" width=\"233\" height=\"236\" srcset=\"https:\/\/thatday.eu\/wp-content\/uploads\/2024\/04\/logo-12x12.webp 12w, https:\/\/thatday.eu\/wp-content\/uploads\/2024\/04\/logo-66x66.webp 66w, https:\/\/thatday.eu\/wp-content\/uploads\/2024\/04\/logo-200x203.webp 200w, https:\/\/thatday.eu\/wp-content\/uploads\/2024\/04\/logo.webp 233w\" sizes=\"auto, (max-width: 233px) 100vw, 233px\" \/><\/a><\/p>\n<p>Jauna produkta ieg\u0101de bie\u017ei vien var rad\u012bt uztraukumu. M\u0113s zin\u0101m, ka THATDAY menstru\u0101l\u0101s biks\u012btes ir lieliskas, un esam p\u0101rliecin\u0101ti par to efektivit\u0101ti, ta\u010du m\u0113s v\u0113lamies, lai ar\u012b J\u016bs justos dro\u0161i, veicot pirmo pirkumu. T\u0101p\u0113c, ja jebk\u0101da iemesla d\u0113\u013c neesat apmierin\u0101ts ar produktu, 40 dienu laik\u0101 p\u0113c t\u0101 sa\u0146em\u0161anas varat atgriezt pas\u016bt\u012bjumu un sa\u0146emt pilnu naudas atmaksu (neietverot pieg\u0101des izmaksas). Uzziniet vair\u0101k par 40 dienu bezriska izm\u0113\u0123in\u0101juma nosac\u012bjumiem, noklik\u0161\u0137inot uz att\u0113la.<\/p>\n<p>* Lai sa\u0146emtu atmaksu, no pas\u016bt\u012bjuma var izm\u0113\u0123in\u0101t\u00a0<strong>tikai vienu biks\u012b\u0161u p\u0101ri.<\/strong><br \/>\n** 40 dienu izm\u0113\u0123in\u0101juma periods neattiecas, ja p\u0113c lieto\u0161anas izm\u0113rs izr\u0101d\u0101s par mazu. J\u016bs vienm\u0113r varat piepras\u012bt izm\u0113ra vai mode\u013ca mai\u0146u pirms lieto\u0161anas 14 dienu laik\u0101 p\u0113c preces sa\u0146em\u0161anas.<\/p>\n<\/div><\/li><li><div class=\"responsive-accordion-head\" style=\"background-color:\"><span style=\"color:;font-size:15px\">Pieg\u0101de, atgrie\u0161ana un mai\u0146a<\/span><i class=\"fa fa-chevron-down responsive-accordion-plus fa-fw\"><\/i><i class=\"fa fa-chevron-up responsive-accordion-minus fa-fw\"><\/i><\/div><div class=\"responsive-accordion-panel\"style=\"background-color:;padding:12px;color:;font-size:14px\"><p>Pieg\u0101d\u0101jam vis\u0101 pasaul\u0113!<\/p>\n<p>Pas\u016bt\u012bjumi parasti tiek apstr\u0101d\u0101ti un nos\u016bt\u012bti 1-5 darba dienu laik\u0101 (no pirmdienas l\u012bdz piektdienai). Kad j\u016bsu s\u016bt\u012bjums b\u016bs nos\u016bt\u012bts, j\u016bs sa\u0146emsit apstiprin\u0101juma e-pastu ar izseko\u0161anas inform\u0101ciju.<\/p>\n<p>M\u0113s pie\u0161\u0137irsim preces v\u0113rt\u012bbas vau\u010deru, atmaks\u0101sim samaks\u0101to naudas summu vai samain\u012bsim produktu 14 dienu laik\u0101 p\u0113c t\u0101 sa\u0146em\u0161anas, ar nosac\u012bjumu, ka produkts ir ide\u0101l\u0101 st\u0101vokl\u012b, nen\u0113s\u0101ts un ar vis\u0101m pievienotaj\u0101m pre\u010du birk\u0101m.<\/p>\n<\/div><\/li><\/ul><\/div>\n<p>L\u016bdzu, \u0146emiet v\u0113r\u0101:<\/p>\n<p>\u2022 Produkta kr\u0101sa var nedaudz at\u0161\u0137irties sakar\u0101 ar fotograf\u0113\u0161anas apgaismojumu vai J\u016bsu monitora iestat\u012bjumiem.<\/p>\n<p>\u2022 \u0160is modelis ir maz\u0101ks nek\u0101 standarta izm\u0113ri; iesak\u0101m izv\u0113l\u0113ties vienu izm\u0113ru liel\u0101ku. XS izm\u0113rs ir paredz\u0113ts pusaudz\u0113m, k\u0101 ar\u012b smalka auguma sieviet\u0113m.<\/p>\n<p>&nbsp;<\/p>","protected":false},"excerpt":{"rendered":"<p class=\"p1\">THATDAY m\u0113ne\u0161rei\u017eu apak\u0161biks\u012btes uzs\u016bc visu veidu \u0161\u0137idrumus: menstru\u0101cijas, ur\u012bnu, ikdienas izdal\u012bjumus, sviedrus un citus dabiskos \u0161\u0137idrumus. Ar THATDAY Tu jut\u012bsies \u0113rti un bez raiz\u0113m<\/p>\n<p>&nbsp;<\/p>\n<p class=\"p1\">\u2022 elpojo\u0161as;<\/p>\n<p class=\"p1\">\u2022 hipoaler\u0123iskas;<\/p>\n<p class=\"p1\">\u2022 higi\u0113niskas;<\/p>\n<p class=\"p1\">\u2022 videi draudz\u012bgas;<\/p>\n<p class=\"p3\">\u2022izgatavotas no OEKO-TEX\u00ae sertific\u0113tiem audumiem;<\/p>\n<p class=\"p1\">\u2022 vienk\u0101r\u0161s, funkcion\u0101ls un \u0113rts dizains<\/p>\n<p>&nbsp;<\/p>\n<p class=\"p1\">Valk\u0101 t\u0101s tik ilgi, kam\u0113r vien j\u016bties \u0113rti. Kad nepiecie\u0161ams nomain\u012bt, \u0146em savas rezerves biks\u012btes, bet izlietot\u0101s ievieto somi\u0146\u0101 ar r\u0101v\u0113jsl\u0113dz\u0113ju.<\/p>\n<p class=\"p1\">Uzman\u012bbu - mazg\u0101t pirms <span class=\"s1\">valk\u0101jot! Tas m\u012bkstin\u0101s audumu un nodro\u0161in\u0101s lab\u0101ku uzs\u016bktsp\u0113ju. Mazg\u0101t ar rok\u0101m vai ve\u013casma\u0161\u012bn\u0101 l\u012bdz 40\u00b0. Iev\u0113rojiet nor\u0101d\u012bjumus uz kop\u0161anas eti\u0137etes.\u00a0<\/span><\/p>\n<p>&nbsp;<\/p>\n<p class=\"p3\">Sast\u0101vs:<\/p>\n<p class=\"p3\">\u0100r\u0113jais sast\u0101vs: 80% poliam\u012bds, 20% elast\u0101ns<\/p>\n<p class=\"p3\">Absorbcijas da\u013cas sast\u0101vs: 100% poliesteris.<\/p>\n<p>&nbsp;<\/p>\n<p class=\"p3\">Modeles parametri:<\/p>\n<p class=\"p3\">Veronika valk\u0101 izm\u0113ru S<b>\u00a0<\/b><\/p>\n<p>&nbsp;<\/p>\n<p data-mce-fragment=\"1\"><a href=\"https:\/\/thatday.eu\/lv\/40-day-risk-free-trial\/\"><img loading=\"lazy\" decoding=\"async\" class=\"alignnone size-thumbnail wp-image-6780\" src=\"https:\/\/thatday.eu\/wp-content\/uploads\/2021\/12\/thatday_logo_png-3-1-150x150.png\" alt=\"\" width=\"150\" height=\"150\" data-mce-fragment=\"1\" \/>\u200b<\/a><\/p>\n<p>&nbsp;<\/p>\n<p>Produkta kr\u0101sa var nedaudz at\u0161\u0137irties, jo fotograf\u0113\u0161anas laik\u0101 tika izmantoti da\u017e\u0101di gaismas iestat\u012bjumi un fotogr\u0101fijas v\u0113l\u0101k tika apstr\u0101d\u0101tas.<\/p>","protected":false},"featured_media":11593,"comment_status":"open","ping_status":"closed","template":"","meta":[],"product_brand":[],"product_cat":[83,46],"product_tag":[],"giftcard-category":[],"class_list":{"0":"post-1975","1":"product","2":"type-product","3":"status-publish","4":"has-post-thumbnail","6":"product_cat-deal-products","7":"product_cat-heavy-flow","8":"pa_color-black","10":"first","11":"instock","12":"taxable","13":"shipping-taxable","14":"purchasable","15":"product-type-variable","16":"has-default-attributes"},"aioseo_notices":[],"_links":{"self":[{"href":"https:\/\/thatday.eu\/lv\/wp-json\/wp\/v2\/product\/1975","targetHints":{"allow":["GET"]}}],"collection":[{"href":"https:\/\/thatday.eu\/lv\/wp-json\/wp\/v2\/product"}],"about":[{"href":"https:\/\/thatday.eu\/lv\/wp-json\/wp\/v2\/types\/product"}],"replies":[{"embeddable":true,"href":"https:\/\/thatday.eu\/lv\/wp-json\/wp\/v2\/comments?post=1975"}],"wp:featuredmedia":[{"embeddable":true,"href":"https:\/\/thatday.eu\/lv\/wp-json\/wp\/v2\/media\/11593"}],"wp:attachment":[{"href":"https:\/\/thatday.eu\/lv\/wp-json\/wp\/v2\/media?parent=1975"}],"wp:term":[{"taxonomy":"product_brand","embeddable":true,"href":"https:\/\/thatday.eu\/lv\/wp-json\/wp\/v2\/product_brand?post=1975"},{"taxonomy":"product_cat","embeddable":true,"href":"https:\/\/thatday.eu\/lv\/wp-json\/wp\/v2\/product_cat?post=1975"},{"taxonomy":"product_tag","embeddable":true,"href":"https:\/\/thatday.eu\/lv\/wp-json\/wp\/v2\/product_tag?post=1975"},{"taxonomy":"giftcard-category","embeddable":true,"href":"https:\/\/thatday.eu\/lv\/wp-json\/wp\/v2\/giftcard-category?post=1975"}],"curies":[{"name":"wp","href":"https:\/\/api.w.org\/{rel}","templated":true}]}}