{"id":3098,"date":"2010-01-20T10:04:26","date_gmt":"2010-01-20T10:04:26","guid":{"rendered":"https:\/\/thatday.eu\/?post_type=product&#038;p=3098"},"modified":"2025-12-15T12:58:41","modified_gmt":"2025-12-15T12:58:41","slug":"gift-cards","status":"publish","type":"product","link":"https:\/\/thatday.eu\/lv\/products\/gift-cards\/","title":{"rendered":"D\u0101vanu karte"},"content":{"rendered":"<p class=\"p1\">Vai mekl\u0113jat perfektu d\u0101vanu? THATDAY d\u0101vanu karte ir t\u0101.<\/p>\n<p class=\"p1\">D\u0101vanu kartes ir der\u012bgas pirkumiem internetveikal\u0101 www.thatday.eu un t\u0101s j\u0101izlieto 1 gada laik\u0101.<\/p>\n<p><i>D\u0101vanu karte tiks nos\u016bt\u012bta uz d\u0101vanas sa\u0146\u0113m\u0113ja e-pasta adresi uzreiz p\u0113c pirkuma veik\u0161anas.<\/i><\/p>","protected":false},"excerpt":{"rendered":"<p>In search for the perfect gift? THATDAY gift card is<\/p>","protected":false},"featured_media":13209,"comment_status":"closed","ping_status":"closed","template":"","meta":[],"product_brand":[],"product_cat":[48],"product_tag":[],"giftcard-category":[],"class_list":{"0":"post-3098","1":"product","2":"type-product","3":"status-publish","4":"has-post-thumbnail","6":"product_cat-other","8":"first","9":"instock","10":"virtual","11":"taxable","12":"purchasable","13":"product-type-gift-card"},"aioseo_notices":[],"_links":{"self":[{"href":"https:\/\/thatday.eu\/lv\/wp-json\/wp\/v2\/product\/3098","targetHints":{"allow":["GET"]}}],"collection":[{"href":"https:\/\/thatday.eu\/lv\/wp-json\/wp\/v2\/product"}],"about":[{"href":"https:\/\/thatday.eu\/lv\/wp-json\/wp\/v2\/types\/product"}],"replies":[{"embeddable":true,"href":"https:\/\/thatday.eu\/lv\/wp-json\/wp\/v2\/comments?post=3098"}],"wp:featuredmedia":[{"embeddable":true,"href":"https:\/\/thatday.eu\/lv\/wp-json\/wp\/v2\/media\/13209"}],"wp:attachment":[{"href":"https:\/\/thatday.eu\/lv\/wp-json\/wp\/v2\/media?parent=3098"}],"wp:term":[{"taxonomy":"product_brand","embeddable":true,"href":"https:\/\/thatday.eu\/lv\/wp-json\/wp\/v2\/product_brand?post=3098"},{"taxonomy":"product_cat","embeddable":true,"href":"https:\/\/thatday.eu\/lv\/wp-json\/wp\/v2\/product_cat?post=3098"},{"taxonomy":"product_tag","embeddable":true,"href":"https:\/\/thatday.eu\/lv\/wp-json\/wp\/v2\/product_tag?post=3098"},{"taxonomy":"giftcard-category","embeddable":true,"href":"https:\/\/thatday.eu\/lv\/wp-json\/wp\/v2\/giftcard-category?post=3098"}],"curies":[{"name":"wp","href":"https:\/\/api.w.org\/{rel}","templated":true}]}}