{"id":6374,"date":"2023-10-09T09:09:04","date_gmt":"2023-10-09T09:09:04","guid":{"rendered":"https:\/\/thatday.eu\/?post_type=product&#038;p=6374"},"modified":"2026-03-11T07:35:20","modified_gmt":"2026-03-11T07:35:20","slug":"intimate-wash-bar","status":"publish","type":"product","link":"https:\/\/thatday.eu\/lv\/products\/intimate-wash-bar\/","title":{"rendered":"Int\u012bm\u0101s higi\u0113nas ziepes ar piensk\u0101baj\u0101m bakt\u0113rij\u0101m"},"content":{"rendered":"<p class=\"p1\">THATDAY x SILMACHY\u00a0\u2014\u00a0 maigas int\u012bm\u0101s higi\u0113nas ziepes bez pievienotiem arom\u0101tiem,  ar Lactobacillus fermentiem, l\u012bdzsvarotu pH l\u012bmeni delik\u0101tai int\u012bm\u0101s zonas higi\u0113nai katru dienu.<\/p>\n<div class=\"container theme1\" style=\"width:100%; height:auto\"><ul class=\"responsive-accordion responsive-accordion-default bm-larger\"><li><div class=\"responsive-accordion-head\" style=\"background-color:\"><span style=\"color:;font-size:15px\">Sadarb\u012bb\u0101 ar SILMACHY<\/span><i class=\"fa fa-chevron-down responsive-accordion-plus fa-fw\"><\/i><i class=\"fa fa-chevron-up responsive-accordion-minus fa-fw\"><\/i><\/div><div class=\"responsive-accordion-panel\"style=\"background-color:;padding:12px;color:;font-size:14px\"><p>Sadarb\u012bb\u0101 ar SILMACHY \u2013 ilgtsp\u0113j\u012bgas eko kosm\u0113tikas ra\u017eot\u0101ju no Latvijas \u2013 esam priec\u012bgi pied\u0101v\u0101t Jums jaunu, inovat\u012bvu produktu \u2013 int\u012bm\u0101s higi\u0113nas ziep\u012btes. Ar rok\u0101m atlas\u012btas un zin\u0101tniski pamatotas sast\u0101vda\u013cas, maigi putojo\u0161s un pH l\u012bdzsvarots int\u012bm\u0101s mazg\u0101\u0161anas l\u012bdzeklis ar raspodi\u0146a un kumel\u012b\u0161u ekstraktiem.<\/p>\n<\/div><\/li><li><div class=\"responsive-accordion-head\" style=\"background-color:\"><span style=\"color:;font-size:15px\">Int\u012bm\u0101 higi\u0113na ir b\u016btiska vulvovagin\u0101l\u0101s vesel\u012bbas uztur\u0113\u0161anai<\/span><i class=\"fa fa-chevron-down responsive-accordion-plus fa-fw\"><\/i><i class=\"fa fa-chevron-up responsive-accordion-minus fa-fw\"><\/i><\/div><div class=\"responsive-accordion-panel\"style=\"background-color:;padding:12px;color:;font-size:14px\"><p class=\"translation-block\">Int\u012bm\u0101 higi\u0113na ir b\u016btiska vulvovagin\u0101l\u0101s vesel\u012bbas uztur\u0113\u0161anai. Lactobacillus fermenti nodro\u0161ina smalku l\u012bdzsvaru j\u016bsu int\u012bmajai zonai. Tas ir probiotikas l\u012bdzeklis, kas var pal\u012bdz\u0113t saglab\u0101t dabisko bakt\u0113riju l\u012bdzsvaru maksts zon\u0101, kas ir b\u016btisks infekciju profilaksei [1]. Augu ekstraktiem, piem\u0113ram, kumel\u012bt\u0113m un raspondi\u0146u mantijai, piem\u012bt pretiekaisuma un nomierino\u0161as \u012bpa\u0161\u012bbas, kas var pal\u012bdz\u0113t mazin\u0101t kairin\u0101jumu un aps\u0101rtumu [2].<\/p>\n<p>[1] \u2013 \u201cProbiotics for Vaginal Health: Safety, Efficacy, and Types.\u201d Healthline, 2019 (<a href=\"https:\/\/www.healthline.com\/health\/vaginal-health\/probiotic-vaginal-health\">https:\/\/www.healthline.com\/health\/vaginal-health\/probiotic-vaginal-health<\/a> )<\/p>\n<p>[2] \u2013 \u201cRole of Female Intimate Hygiene in Vulvovaginal Health: Global Hygiene Practices and Product Usage.\u201d PubMed Central (PMC),\u00a0 2021 ( <a href=\"https:\/\/www.ncbi.nlm.nih.gov\/pmc\/articles\/PMC7789027\/\">https:\/\/www.ncbi.nlm.nih.gov\/pmc\/articles\/PMC7789027\/<\/a> )<\/p>\n<\/div><\/li><li><div class=\"responsive-accordion-head\" style=\"background-color:\"><span style=\"color:;font-size:15px\">Augu izcelsmes izejvielas<\/span><i class=\"fa fa-chevron-down responsive-accordion-plus fa-fw\"><\/i><i class=\"fa fa-chevron-up responsive-accordion-minus fa-fw\"><\/i><\/div><div class=\"responsive-accordion-panel\"style=\"background-color:;padding:12px;color:;font-size:14px\"><p>Piensk\u0101be pal\u012bdz uztur\u0113t dabisko pH l\u012bmeni int\u012bmaj\u0101 zon\u0101 un nov\u0113r\u0161 kait\u012bgo bakt\u0113riju aug\u0161anu [3]. T\u0101p\u0113c, izmantojot pH l\u012bdzsvarotu int\u012bm\u0101s mazg\u0101\u0161anas ziep\u012btes, var pal\u012bdz\u0113t saglab\u0101t maksts zonas dabisko sk\u0101bumu.<\/p>\n<p>Nav test\u0113ts uz dz\u012bvniekiem<\/p>\n<p>[3] \u2013 \u201cFoods for Vaginal Health: How Can Diet Help?\u201d Medical News Today, 2020 (<a href=\"https:\/\/www.medicalnewstoday.com\/articles\/327507#ph-levels\">https:\/\/www.medicalnewstoday.com\/articles\/327507#ph-levels<\/a> )<\/p>\n<\/div><\/li><li><div class=\"responsive-accordion-head\" style=\"background-color:\"><span style=\"color:;font-size:15px\">Lieto\u0161ana<\/span><i class=\"fa fa-chevron-down responsive-accordion-plus fa-fw\"><\/i><i class=\"fa fa-chevron-up responsive-accordion-minus fa-fw\"><\/i><\/div><div class=\"responsive-accordion-panel\"style=\"background-color:;padding:12px;color:;font-size:14px\"><p>Samitriniet savu int\u012bmo zonu, saputojiet ziep\u012btes rok\u0101s. Izkl\u0101jiet putas sav\u0101s int\u012bmaj\u0101s viet\u0101s. P\u0113c tam noskalojiet to ar \u016bdeni un atst\u0101jiet ziep\u012btes no\u017e\u016bt saus\u0101 viet\u0101.<\/p>\n<\/div><\/li><li><div class=\"responsive-accordion-head\" style=\"background-color:\"><span style=\"color:;font-size:15px\">Sast\u0101vda\u013cas (INCI)<\/span><i class=\"fa fa-chevron-down responsive-accordion-plus fa-fw\"><\/i><i class=\"fa fa-chevron-up responsive-accordion-minus fa-fw\"><\/i><\/div><div class=\"responsive-accordion-panel\"style=\"background-color:;padding:12px;color:;font-size:14px\"><p>Sodium Cocoyl Isethionate, Stearic acid, Caprylyl\/Capryl glucoside, Cetearyl alcohol, Cocos nucifera oil, Butyrospermum parkii butter, Lactobacillus ferment, Lactic acid, Aqua, Alchemilla vulgaris extract, Chamomilla recutita flower extract, Coco-Glucoside (and) Glyceryl Oleate, Tocopherol, Potassium sorbate, Sodium benzoate.<\/p>\n<\/div><\/li><\/ul><\/div>\n<p>Produkta kr\u0101sa var nedaudz at\u0161\u0137irties, jo fotograf\u0113\u0161anas laik\u0101 tika izmantoti da\u017e\u0101di gaismas iestat\u012bjumi un fotogr\u0101fijas v\u0113l\u0101k tika apstr\u0101d\u0101tas.<\/p>","protected":false},"excerpt":{"rendered":"<p>THATDAY x SILMACHY\u00a0\u2014\u00a0 maigas int\u012bm\u0101s higi\u0113nas ziepes bez pievienotiem arom\u0101tiem,  ar Lactobacillus fermentiem, l\u012bdzsvarotu pH l\u012bmeni delik\u0101tai int\u012bm\u0101s zonas higi\u0113nai katru dienu.<\/p>","protected":false},"featured_media":16561,"comment_status":"open","ping_status":"closed","template":"","meta":[],"product_brand":[],"product_cat":[83,48],"product_tag":[],"giftcard-category":[],"class_list":{"0":"post-6374","1":"product","2":"type-product","3":"status-publish","4":"has-post-thumbnail","6":"product_cat-deal-products","7":"product_cat-other","9":"first","10":"instock","11":"taxable","12":"shipping-taxable","13":"purchasable","14":"product-type-simple"},"aioseo_notices":[],"_links":{"self":[{"href":"https:\/\/thatday.eu\/lv\/wp-json\/wp\/v2\/product\/6374","targetHints":{"allow":["GET"]}}],"collection":[{"href":"https:\/\/thatday.eu\/lv\/wp-json\/wp\/v2\/product"}],"about":[{"href":"https:\/\/thatday.eu\/lv\/wp-json\/wp\/v2\/types\/product"}],"replies":[{"embeddable":true,"href":"https:\/\/thatday.eu\/lv\/wp-json\/wp\/v2\/comments?post=6374"}],"wp:featuredmedia":[{"embeddable":true,"href":"https:\/\/thatday.eu\/lv\/wp-json\/wp\/v2\/media\/16561"}],"wp:attachment":[{"href":"https:\/\/thatday.eu\/lv\/wp-json\/wp\/v2\/media?parent=6374"}],"wp:term":[{"taxonomy":"product_brand","embeddable":true,"href":"https:\/\/thatday.eu\/lv\/wp-json\/wp\/v2\/product_brand?post=6374"},{"taxonomy":"product_cat","embeddable":true,"href":"https:\/\/thatday.eu\/lv\/wp-json\/wp\/v2\/product_cat?post=6374"},{"taxonomy":"product_tag","embeddable":true,"href":"https:\/\/thatday.eu\/lv\/wp-json\/wp\/v2\/product_tag?post=6374"},{"taxonomy":"giftcard-category","embeddable":true,"href":"https:\/\/thatday.eu\/lv\/wp-json\/wp\/v2\/giftcard-category?post=6374"}],"curies":[{"name":"wp","href":"https:\/\/api.w.org\/{rel}","templated":true}]}}